{"id":17183,"date":"2024-07-29T12:21:44","date_gmt":"2024-07-29T10:21:44","guid":{"rendered":"https:\/\/www.boutiquefelicidad.com\/?post_type=product&#038;p=17183"},"modified":"2025-10-13T20:01:19","modified_gmt":"2025-10-13T18:01:19","slug":"sandalia-de-fiesta-dorada-brillo","status":"publish","type":"product","link":"https:\/\/www.boutiquefelicidad.com\/de\/producto\/sandalia-de-fiesta-dorada-brillo\/","title":{"rendered":"Sandalia de fiesta dorada brillo"},"content":{"rendered":"<p>Sandalia de fiesta dorada de brillo abierta en la parte delantera con tira de brillos. Se ata al tobillo y tiene tal\u00f3n cubierto que le da m\u00e1s elegancia y sujeci\u00f3n al pie. Tiene tac\u00f3n de 9,5 cms.<\/p>\n<p>Si quieres tenemos el bolso a juego en nuestra secci\u00f3n de <a href=\"https:\/\/www.boutiquefelicidad.com\/categoria-producto\/bolsos\/?_gl=1*y82l6n*_up*MQ..*_ga*MTYxNzg4MjM5My4xNzIwNDM2OTQy*_ga_EWC67BW6B7*MTcyMDQzNjk0MC4xLjEuMTcyMDQzNjk0NS4wLjAuMA..\">bolsos.<\/a><\/p>\n<p>&nbsp;<\/p>\n<p>&nbsp;<\/p>\n","protected":false},"excerpt":{"rendered":"<p>Sandalia de fiesta dorada de brillo abierta en la parte delantera con tira de brillos. Se ata al tobillo y tiene tal\u00f3n cubierto que le da m\u00e1s elegancia y sujeci\u00f3n al pie. Tiene tac\u00f3n de 9,5 cms.<\/p>\n<p>Si quieres tenemos el bolso a juego en nuestra secci\u00f3n de <a href=\"https:\/\/www.boutiquefelicidad.com\/categoria-producto\/bolsos\/?_gl=1*y82l6n*_up*MQ..*_ga*MTYxNzg4MjM5My4xNzIwNDM2OTQy*_ga_EWC67BW6B7*MTcyMDQzNjk0MC4xLjEuMTcyMDQzNjk0NS4wLjAuMA..\">bolsos.<\/a><\/p>\n","protected":false},"featured_media":17176,"template":"","meta":{"_et_pb_use_builder":"","_et_pb_old_content":"","_et_gb_content_width":""},"product_brand":[],"product_cat":[88],"product_tag":[1102,722,725,723,724],"class_list":{"0":"post-17183","1":"product","2":"type-product","3":"status-publish","4":"has-post-thumbnail","6":"product_cat-zapatos-de-mujer","7":"product_tag-sandaliabrillo","8":"product_tag-sandaliadefiesta","9":"product_tag-sandaliadorada","10":"product_tag-zapatodefiesta","11":"product_tag-zapatodorado","12":"pa_tallas-275","13":"pa_tallas-249","14":"pa_tallas-276","15":"pa_tallas-250","16":"pa_tallas-277","17":"pa_tallas-251","18":"pa_tallas-278","20":"first","21":"instock","22":"taxable","23":"shipping-taxable","24":"purchasable","25":"product-type-variable"},"_links":{"self":[{"href":"https:\/\/www.boutiquefelicidad.com\/de\/wp-json\/wp\/v2\/product\/17183","targetHints":{"allow":["GET"]}}],"collection":[{"href":"https:\/\/www.boutiquefelicidad.com\/de\/wp-json\/wp\/v2\/product"}],"about":[{"href":"https:\/\/www.boutiquefelicidad.com\/de\/wp-json\/wp\/v2\/types\/product"}],"wp:featuredmedia":[{"embeddable":true,"href":"https:\/\/www.boutiquefelicidad.com\/de\/wp-json\/wp\/v2\/media\/17176"}],"wp:attachment":[{"href":"https:\/\/www.boutiquefelicidad.com\/de\/wp-json\/wp\/v2\/media?parent=17183"}],"wp:term":[{"taxonomy":"product_brand","embeddable":true,"href":"https:\/\/www.boutiquefelicidad.com\/de\/wp-json\/wp\/v2\/product_brand?post=17183"},{"taxonomy":"product_cat","embeddable":true,"href":"https:\/\/www.boutiquefelicidad.com\/de\/wp-json\/wp\/v2\/product_cat?post=17183"},{"taxonomy":"product_tag","embeddable":true,"href":"https:\/\/www.boutiquefelicidad.com\/de\/wp-json\/wp\/v2\/product_tag?post=17183"}],"curies":[{"name":"wp","href":"https:\/\/api.w.org\/{rel}","templated":true}]}}