{"id":17061,"date":"2024-07-08T12:36:23","date_gmt":"2024-07-08T10:36:23","guid":{"rendered":"https:\/\/www.boutiquefelicidad.com\/?post_type=product&#038;p=17061"},"modified":"2025-10-15T20:22:43","modified_gmt":"2025-10-15T18:22:43","slug":"sandalia-fiesta-plateada-brillo","status":"publish","type":"product","link":"https:\/\/www.boutiquefelicidad.com\/de\/producto\/sandalia-fiesta-plateada-brillo\/","title":{"rendered":"Sandalia plateada brillo"},"content":{"rendered":"<p>Sandalia de fiesta plateada con tela brillo, muy elegante, abierta en la parte delantera y atada al tobillo. Tiene tac\u00f3n cuadrado\u00a0 de 10 cms y plataforma de 3,5 cms que la hace muy c\u00f3modo. Tambi\u00e9n disponible en color champ\u00e1n combinado con tela brillo y espejo.<\/p>\n<p>Si quieres tenemos el bolso a juego en nuestra secci\u00f3n de bolsos.<\/p>\n","protected":false},"excerpt":{"rendered":"<p>Sandalia de fiesta plateada con tela brillo, muy elegante, abierta en la parte delantera y atada al tobillo. Tiene tac\u00f3n cuadrado\u00a0 de 10 cms y plataforma de 3,5 cms que la hace muy c\u00f3modo. Tambi\u00e9n disponible en color champ\u00e1n combinado con tela brillo y espejo.<\/p>\n<p>Si quieres tenemos el bolso a juego en nuestra secci\u00f3n de bolsos.<\/p>\n","protected":false},"featured_media":17069,"template":"","meta":{"_et_pb_use_builder":"","_et_pb_old_content":"","_et_gb_content_width":""},"product_brand":[],"product_cat":[88],"product_tag":[722,721,765,723,720],"class_list":{"0":"post-17061","1":"product","2":"type-product","3":"status-publish","4":"has-post-thumbnail","6":"product_cat-zapatos-de-mujer","7":"product_tag-sandaliadefiesta","8":"product_tag-sandaliaplateada","9":"product_tag-zapatoconplataforma","10":"product_tag-zapatodefiesta","11":"product_tag-zapatoplateado","12":"pa_tallas-275","13":"pa_tallas-249","14":"pa_tallas-276","15":"pa_tallas-250","16":"pa_tallas-277","17":"pa_tallas-251","18":"pa_tallas-278","20":"first","21":"instock","22":"taxable","23":"shipping-taxable","24":"purchasable","25":"product-type-variable"},"_links":{"self":[{"href":"https:\/\/www.boutiquefelicidad.com\/de\/wp-json\/wp\/v2\/product\/17061","targetHints":{"allow":["GET"]}}],"collection":[{"href":"https:\/\/www.boutiquefelicidad.com\/de\/wp-json\/wp\/v2\/product"}],"about":[{"href":"https:\/\/www.boutiquefelicidad.com\/de\/wp-json\/wp\/v2\/types\/product"}],"wp:featuredmedia":[{"embeddable":true,"href":"https:\/\/www.boutiquefelicidad.com\/de\/wp-json\/wp\/v2\/media\/17069"}],"wp:attachment":[{"href":"https:\/\/www.boutiquefelicidad.com\/de\/wp-json\/wp\/v2\/media?parent=17061"}],"wp:term":[{"taxonomy":"product_brand","embeddable":true,"href":"https:\/\/www.boutiquefelicidad.com\/de\/wp-json\/wp\/v2\/product_brand?post=17061"},{"taxonomy":"product_cat","embeddable":true,"href":"https:\/\/www.boutiquefelicidad.com\/de\/wp-json\/wp\/v2\/product_cat?post=17061"},{"taxonomy":"product_tag","embeddable":true,"href":"https:\/\/www.boutiquefelicidad.com\/de\/wp-json\/wp\/v2\/product_tag?post=17061"}],"curies":[{"name":"wp","href":"https:\/\/api.w.org\/{rel}","templated":true}]}}