{"id":13632,"date":"2022-06-02T07:00:25","date_gmt":"2022-06-02T05:00:25","guid":{"rendered":"https:\/\/www.boutiquefelicidad.com\/?post_type=product&#038;p=13632"},"modified":"2025-10-15T20:26:27","modified_gmt":"2025-10-15T18:26:27","slug":"sandalia-plateada-de-pedreria","status":"publish","type":"product","link":"https:\/\/www.boutiquefelicidad.com\/de\/producto\/sandalia-plateada-de-pedreria\/","title":{"rendered":"Sandalia plateada pedrer\u00eda"},"content":{"rendered":"<p>Sandalia de fiesta plateada con una tira trenzada de pedreria de brillo en la parte delantera, atada al tobillo y con tac\u00f3n transparente en forma cuadrada de 9 cms, que la hace muy c\u00f3moda a la vez que elegante.<\/p>\n<p>Si quieres tenemos el bolso a juego en nuestra secci\u00f3n de\u00a0 \u00a0-&gt;\u00a0 \u00a0<span style=\"color: #ffcc00;\"><a style=\"color: #ffcc00;\" href=\"https:\/\/www.boutiquefelicidad.com\/categoria-producto\/complementos\/bolsos\/\">Bolsos<\/a><\/span><\/p>\n","protected":false},"excerpt":{"rendered":"<p>Sandalia de fiesta plateada con una tira trenzada de pedrer\u00eda de brillo en la parte delantera, atada al tobillo y con tac\u00f3n transparente en forma cuadrada de 9 cms, que la hace muy c\u00f3moda a la vez que elegante.<\/p>\n","protected":false},"featured_media":13631,"template":"","meta":{"_et_pb_use_builder":"","_et_pb_old_content":"","_et_gb_content_width":""},"product_brand":[],"product_cat":[88],"product_tag":[766,722,948,721,723,720],"class_list":{"0":"post-13632","1":"product","2":"type-product","3":"status-publish","4":"has-post-thumbnail","6":"product_cat-zapatos-de-mujer","7":"product_tag-sandaliadebrillo","8":"product_tag-sandaliadefiesta","9":"product_tag-sandaliadepedreria","10":"product_tag-sandaliaplateada","11":"product_tag-zapatodefiesta","12":"product_tag-zapatoplateado","13":"pa_tallas-275","14":"pa_tallas-249","15":"pa_tallas-276","16":"pa_tallas-250","17":"pa_tallas-277","18":"pa_tallas-251","19":"pa_tallas-278","21":"first","22":"outofstock","23":"featured","24":"taxable","25":"shipping-taxable","26":"purchasable","27":"product-type-variable"},"_links":{"self":[{"href":"https:\/\/www.boutiquefelicidad.com\/de\/wp-json\/wp\/v2\/product\/13632","targetHints":{"allow":["GET"]}}],"collection":[{"href":"https:\/\/www.boutiquefelicidad.com\/de\/wp-json\/wp\/v2\/product"}],"about":[{"href":"https:\/\/www.boutiquefelicidad.com\/de\/wp-json\/wp\/v2\/types\/product"}],"wp:featuredmedia":[{"embeddable":true,"href":"https:\/\/www.boutiquefelicidad.com\/de\/wp-json\/wp\/v2\/media\/13631"}],"wp:attachment":[{"href":"https:\/\/www.boutiquefelicidad.com\/de\/wp-json\/wp\/v2\/media?parent=13632"}],"wp:term":[{"taxonomy":"product_brand","embeddable":true,"href":"https:\/\/www.boutiquefelicidad.com\/de\/wp-json\/wp\/v2\/product_brand?post=13632"},{"taxonomy":"product_cat","embeddable":true,"href":"https:\/\/www.boutiquefelicidad.com\/de\/wp-json\/wp\/v2\/product_cat?post=13632"},{"taxonomy":"product_tag","embeddable":true,"href":"https:\/\/www.boutiquefelicidad.com\/de\/wp-json\/wp\/v2\/product_tag?post=13632"}],"curies":[{"name":"wp","href":"https:\/\/api.w.org\/{rel}","templated":true}]}}