{"id":13535,"date":"2022-05-22T17:18:48","date_gmt":"2022-05-22T15:18:48","guid":{"rendered":"https:\/\/www.boutiquefelicidad.com\/?post_type=product&#038;p=13535"},"modified":"2022-07-05T23:13:59","modified_gmt":"2022-07-05T21:13:59","slug":"cinturon-dorado-plumas-moradas","status":"publish","type":"product","link":"https:\/\/www.boutiquefelicidad.com\/de\/producto\/cinturon-dorado-plumas-moradas\/","title":{"rendered":"Cintur\u00f3n dorado plumas moradas"},"content":{"rendered":"<p>Cintur\u00f3n el\u00e1stico dorado de brillo, con flores artesanales en tonos lila y plumas moradas a juego. Se ajusta muy bien y es muy c\u00f3modo.\u00a0 Grosor: 6 cms.<\/p>\n<p>Puede encontrar bolsos a juego es nuestra secci\u00f3n de\u00a0 \u00a0-&gt;\u00a0\u00a0<span style=\"color: #ffcc00;\"><a style=\"color: #ffcc00;\" href=\"https:\/\/www.boutiquefelicidad.com\/categoria-producto\/complementos\/bolsos\/\">Bolsos<\/a><\/span><\/p>\n","protected":false},"excerpt":{"rendered":"<p>Cintur\u00f3n el\u00e1stico dorado de brillo, con flores artesanales en tonos lila y plumas moradas a juego. Se ajusta muy bien y es muy c\u00f3modo.\u00a0 Grosor: 6 cms.<\/p>\n","protected":false},"featured_media":13490,"template":"","meta":{"_et_pb_use_builder":"","_et_pb_old_content":"","_et_gb_content_width":""},"product_brand":[],"product_cat":[232],"product_tag":[330,860,858,916,907],"class_list":{"0":"post-13535","1":"product","2":"type-product","3":"status-publish","4":"has-post-thumbnail","6":"product_cat-cinturones-mujer","7":"product_tag-cinturon","8":"product_tag-cinturondefiesta","9":"product_tag-cinturondeflores","10":"product_tag-cinturondeplumas","11":"product_tag-cinturondorado","13":"first","14":"outofstock","15":"taxable","16":"shipping-taxable","17":"purchasable","18":"product-type-simple"},"_links":{"self":[{"href":"https:\/\/www.boutiquefelicidad.com\/de\/wp-json\/wp\/v2\/product\/13535","targetHints":{"allow":["GET"]}}],"collection":[{"href":"https:\/\/www.boutiquefelicidad.com\/de\/wp-json\/wp\/v2\/product"}],"about":[{"href":"https:\/\/www.boutiquefelicidad.com\/de\/wp-json\/wp\/v2\/types\/product"}],"wp:featuredmedia":[{"embeddable":true,"href":"https:\/\/www.boutiquefelicidad.com\/de\/wp-json\/wp\/v2\/media\/13490"}],"wp:attachment":[{"href":"https:\/\/www.boutiquefelicidad.com\/de\/wp-json\/wp\/v2\/media?parent=13535"}],"wp:term":[{"taxonomy":"product_brand","embeddable":true,"href":"https:\/\/www.boutiquefelicidad.com\/de\/wp-json\/wp\/v2\/product_brand?post=13535"},{"taxonomy":"product_cat","embeddable":true,"href":"https:\/\/www.boutiquefelicidad.com\/de\/wp-json\/wp\/v2\/product_cat?post=13535"},{"taxonomy":"product_tag","embeddable":true,"href":"https:\/\/www.boutiquefelicidad.com\/de\/wp-json\/wp\/v2\/product_tag?post=13535"}],"curies":[{"name":"wp","href":"https:\/\/api.w.org\/{rel}","templated":true}]}}