{"id":13532,"date":"2022-05-22T16:56:44","date_gmt":"2022-05-22T14:56:44","guid":{"rendered":"https:\/\/www.boutiquefelicidad.com\/?post_type=product&#038;p=13532"},"modified":"2022-09-13T22:52:28","modified_gmt":"2022-09-13T20:52:28","slug":"cinturon-dorado-flores-azules-3","status":"publish","type":"product","link":"https:\/\/www.boutiquefelicidad.com\/de\/producto\/cinturon-dorado-flores-azules-3\/","title":{"rendered":"Cintur\u00f3n dorado flores azules"},"content":{"rendered":"<p>Cintur\u00f3n el\u00e1stico dorado de brillo, con flores artesanales en tonos azules. Se ajusta muy bien y es muy c\u00f3modo.\u00a0 Grosor: 6 cms.<\/p>\n<p>Puede encontrar bolsos a juego es nuestra secci\u00f3n de\u00a0 \u00a0-&gt;\u00a0\u00a0<span style=\"color: #ffcc00;\"><a style=\"color: #ffcc00;\" href=\"https:\/\/www.boutiquefelicidad.com\/categoria-producto\/complementos\/bolsos\/\">Bolsos<\/a><\/span><\/p>\n","protected":false},"excerpt":{"rendered":"<p>Cintur\u00f3n el\u00e1stico dorado de brillo, con flores artesanales en tonos azules. Se ajusta muy bien y es muy c\u00f3modo.\u00a0 Grosor: 6 cms.<\/p>\n","protected":false},"featured_media":13485,"template":"","meta":{"_et_pb_use_builder":"","_et_pb_old_content":"","_et_gb_content_width":""},"product_brand":[],"product_cat":[232],"product_tag":[330,860,858,907,913],"class_list":{"0":"post-13532","1":"product","2":"type-product","3":"status-publish","4":"has-post-thumbnail","6":"product_cat-cinturones-mujer","7":"product_tag-cinturon","8":"product_tag-cinturondefiesta","9":"product_tag-cinturondeflores","10":"product_tag-cinturondorado","11":"product_tag-cinturonfloresazules","13":"first","14":"instock","15":"taxable","16":"shipping-taxable","17":"purchasable","18":"product-type-simple"},"_links":{"self":[{"href":"https:\/\/www.boutiquefelicidad.com\/de\/wp-json\/wp\/v2\/product\/13532","targetHints":{"allow":["GET"]}}],"collection":[{"href":"https:\/\/www.boutiquefelicidad.com\/de\/wp-json\/wp\/v2\/product"}],"about":[{"href":"https:\/\/www.boutiquefelicidad.com\/de\/wp-json\/wp\/v2\/types\/product"}],"wp:featuredmedia":[{"embeddable":true,"href":"https:\/\/www.boutiquefelicidad.com\/de\/wp-json\/wp\/v2\/media\/13485"}],"wp:attachment":[{"href":"https:\/\/www.boutiquefelicidad.com\/de\/wp-json\/wp\/v2\/media?parent=13532"}],"wp:term":[{"taxonomy":"product_brand","embeddable":true,"href":"https:\/\/www.boutiquefelicidad.com\/de\/wp-json\/wp\/v2\/product_brand?post=13532"},{"taxonomy":"product_cat","embeddable":true,"href":"https:\/\/www.boutiquefelicidad.com\/de\/wp-json\/wp\/v2\/product_cat?post=13532"},{"taxonomy":"product_tag","embeddable":true,"href":"https:\/\/www.boutiquefelicidad.com\/de\/wp-json\/wp\/v2\/product_tag?post=13532"}],"curies":[{"name":"wp","href":"https:\/\/api.w.org\/{rel}","templated":true}]}}