{"id":13414,"date":"2022-05-13T18:15:23","date_gmt":"2022-05-13T16:15:23","guid":{"rendered":"https:\/\/www.boutiquefelicidad.com\/?post_type=product&#038;p=13414"},"modified":"2024-11-15T11:29:55","modified_gmt":"2024-11-15T10:29:55","slug":"vestido-corto-0919-verde","status":"publish","type":"product","link":"https:\/\/www.boutiquefelicidad.com\/de\/producto\/vestido-corto-0919-verde\/","title":{"rendered":"Vestido 0919 VERDE"},"content":{"rendered":"<p style=\"text-align: left;\">Vestido corto de fiesta 0919, de raso, en color verde. Tiene escote redondo. Vestido entallado a cintura con cintur\u00f3n de raso a juego. Ideal para fiesta de graduaci\u00f3n.<\/p>\n<p>Este bonito vestido tambi\u00e9n esta disponible en color fucsia\u00a0 \u00a0-&gt;\u00a0 \u00a0<a href=\"https:\/\/www.boutiquefelicidad.com\/producto\/vestido-corto-0919-fucsia\/\"><span style=\"color: #ffcc00;\">Vestido 0919 FUCSIA<\/span><\/a>\u00a0 y color fresa\u00a0 \u00a0-&gt;\u00a0 \u00a0<span style=\"color: #ffcc00;\"><a style=\"color: #ffcc00;\" href=\"https:\/\/www.boutiquefelicidad.com\/producto\/vestido-corto-0919-fresa\/\">Vestido 0919 FRESA<\/a>.<\/span><\/p>\n<p>Si lo desea, en nuestra secci\u00f3n de zapatos podr\u00e1 encontrar el zapato ideal para combinar con este precioso vestido de fiesta, como por ejemplo,\u00a0 \u00a0-&gt;\u00a0 \u00a0<span style=\"color: #ffcc00;\"><a style=\"color: #ffcc00;\" href=\"https:\/\/www.boutiquefelicidad.com\/producto\/zapato-fucsia-con-hojas\/\">Sandalia fucsia de hojas<\/a><\/span><\/p>\n<p>Si la talla que utiliza est\u00e1 agotada p\u00f3ngase en contacto con nosotros via email: <a href=\"mailto:b.felicidad@hotmail.com\">b.felicidad@hotmail.com<\/a> o whatsapp para consultar disponibilidad en f\u00e1brica de este elegante vestido corto 0919 verde.<\/p>\n<p>Recuerda, si est\u00e1s entre dos tallas escoge la siguiente m\u00e1s grande. Nuestras tallas son orientativas y puede variar seg\u00fan el fabricante. Ante cualquier duda cons\u00faltenos.<\/p>\n<p>&nbsp;<\/p>\n","protected":false},"excerpt":{"rendered":"<p style=\"text-align: left;\">Vestido corto de fiesta 0919, de raso, en color verde. Tiene escote redondo. Vestido entallado a cintura con cintur\u00f3n de raso a juego. Ideal para fiesta de graduaci\u00f3n.<\/p>\n","protected":false},"featured_media":13402,"template":"","meta":{"_et_pb_use_builder":"","_et_pb_old_content":"","_et_gb_content_width":""},"product_brand":[],"product_cat":[48,53],"product_tag":[901,748,881,746,902,747,861],"class_list":{"0":"post-13414","1":"product","2":"type-product","3":"status-publish","4":"has-post-thumbnail","6":"product_cat-mujer","7":"product_cat-vestidos-cortos","8":"product_tag-901","9":"product_tag-vestidocorto","10":"product_tag-vestidodeboda","11":"product_tag-vestidodefiesta","12":"product_tag-vestidodegraduacion","13":"product_tag-vestidodeinvitada","14":"product_tag-vestidoverde","15":"pa_tallas-252","17":"first","18":"outofstock","19":"taxable","20":"shipping-taxable","21":"purchasable","22":"product-type-variable"},"_links":{"self":[{"href":"https:\/\/www.boutiquefelicidad.com\/de\/wp-json\/wp\/v2\/product\/13414","targetHints":{"allow":["GET"]}}],"collection":[{"href":"https:\/\/www.boutiquefelicidad.com\/de\/wp-json\/wp\/v2\/product"}],"about":[{"href":"https:\/\/www.boutiquefelicidad.com\/de\/wp-json\/wp\/v2\/types\/product"}],"wp:featuredmedia":[{"embeddable":true,"href":"https:\/\/www.boutiquefelicidad.com\/de\/wp-json\/wp\/v2\/media\/13402"}],"wp:attachment":[{"href":"https:\/\/www.boutiquefelicidad.com\/de\/wp-json\/wp\/v2\/media?parent=13414"}],"wp:term":[{"taxonomy":"product_brand","embeddable":true,"href":"https:\/\/www.boutiquefelicidad.com\/de\/wp-json\/wp\/v2\/product_brand?post=13414"},{"taxonomy":"product_cat","embeddable":true,"href":"https:\/\/www.boutiquefelicidad.com\/de\/wp-json\/wp\/v2\/product_cat?post=13414"},{"taxonomy":"product_tag","embeddable":true,"href":"https:\/\/www.boutiquefelicidad.com\/de\/wp-json\/wp\/v2\/product_tag?post=13414"}],"curies":[{"name":"wp","href":"https:\/\/api.w.org\/{rel}","templated":true}]}}