{"id":13324,"date":"2022-05-07T20:10:51","date_gmt":"2022-05-07T18:10:51","guid":{"rendered":"https:\/\/www.boutiquefelicidad.com\/?post_type=product&#038;p=13324"},"modified":"2025-08-01T12:56:31","modified_gmt":"2025-08-01T10:56:31","slug":"vestido-alma-couture-2234","status":"publish","type":"product","link":"https:\/\/www.boutiquefelicidad.com\/de\/producto\/vestido-alma-couture-2234\/","title":{"rendered":"Vestido AC2234"},"content":{"rendered":"<p>Espectacular vestido de fiesta Alma Couture 2234, alta costura, en color buganvilla con tejido de lurex, que seg\u00fan le d\u00e9 la luz hace reflejos champ\u00e1n,\u00a0 con falda plisada y cintura acentuada con varias tiras de pedrer\u00edas en tonos champ\u00e1n.<\/p>\n<p>Puede combinar este precioso vestido con alguno de nuestros zapatos, por ejemplo, esta elegante\u00a0 \u00a0-&gt; <span style=\"color: #ff9900;\">\u00a0<span style=\"color: #ffcc00;\"><a style=\"color: #ffcc00;\" href=\"https:\/\/www.boutiquefelicidad.com\/producto\/sandalia-champagne-espejo\/\">Sandalia champagne<\/a><\/span><\/span><\/p>\n<p>Si la talla que utiliza est\u00e1 agotada p\u00f3ngase en contacto con nosotros via email: <a href=\"mailto:b.felicidad@hotmail.com\">b.felicidad@hotmail.com<\/a> o whatsapp, para consultar disponibilidad en f\u00e1brica de este precioso vestido Alma Couture 2234.<\/p>\n<p>Para saber cu\u00e1l es su talla mida pecho, cintura y cadera y compruebe la tabla inferior.<br \/>\nRecuerda, si est\u00e1s entre dos tallas escoge la siguiente m\u00e1s grande.<br \/>\nNuestras tallas son orientativas y puede variar seg\u00fan el fabricante. Ante cualquier duda cons\u00faltenos.<\/p>\n<p><img loading=\"lazy\" decoding=\"async\" class=\"size-medium wp-image-7279 aligncenter\" src=\"https:\/\/www.boutiquefelicidad.com\/wp-content\/uploads\/2018\/03\/x-m-lola-l-sara-ruiz-300x187.png\" alt=\"\" width=\"300\" height=\"187\" srcset=\"https:\/\/www.boutiquefelicidad.com\/wp-content\/uploads\/2018\/03\/x-m-lola-l-sara-ruiz-300x187.png 300w, https:\/\/www.boutiquefelicidad.com\/wp-content\/uploads\/2018\/03\/x-m-lola-l-sara-ruiz-64x40.png 64w, https:\/\/www.boutiquefelicidad.com\/wp-content\/uploads\/2018\/03\/x-m-lola-l-sara-ruiz-600x374.png 600w, https:\/\/www.boutiquefelicidad.com\/wp-content\/uploads\/2018\/03\/x-m-lola-l-sara-ruiz.png 654w\" sizes=\"(max-width: 300px) 100vw, 300px\" \/><\/p>\n","protected":false},"excerpt":{"rendered":"<p>Espectacular vestido de fiesta Alma Couture 2234, alta costura, en color buganvilla con tejido de lurex, que seg\u00fan le d\u00e9 la luz hace reflejos champ\u00e1n,\u00a0 con falda plisada y cintura acentuada con varias tiras de pedrer\u00edas en tonos champ\u00e1n.<\/p>\n","protected":false},"featured_media":13319,"template":"","meta":{"_et_pb_use_builder":"","_et_pb_old_content":"","_et_gb_content_width":""},"product_brand":[],"product_cat":[48,52],"product_tag":[877,444,800,851,746,747,339],"class_list":{"0":"post-13324","1":"product","2":"type-product","3":"status-publish","4":"has-post-thumbnail","6":"product_cat-mujer","7":"product_cat-alta-costura","8":"product_tag-877","9":"product_tag-almacouture","10":"product_tag-altacostura","11":"product_tag-vestidodebrillo","12":"product_tag-vestidodefiesta","13":"product_tag-vestidodeinvitada","14":"product_tag-vestidolargo","15":"pa_tallas-251","17":"first","18":"outofstock","19":"taxable","20":"shipping-taxable","21":"purchasable","22":"product-type-variable"},"_links":{"self":[{"href":"https:\/\/www.boutiquefelicidad.com\/de\/wp-json\/wp\/v2\/product\/13324","targetHints":{"allow":["GET"]}}],"collection":[{"href":"https:\/\/www.boutiquefelicidad.com\/de\/wp-json\/wp\/v2\/product"}],"about":[{"href":"https:\/\/www.boutiquefelicidad.com\/de\/wp-json\/wp\/v2\/types\/product"}],"wp:featuredmedia":[{"embeddable":true,"href":"https:\/\/www.boutiquefelicidad.com\/de\/wp-json\/wp\/v2\/media\/13319"}],"wp:attachment":[{"href":"https:\/\/www.boutiquefelicidad.com\/de\/wp-json\/wp\/v2\/media?parent=13324"}],"wp:term":[{"taxonomy":"product_brand","embeddable":true,"href":"https:\/\/www.boutiquefelicidad.com\/de\/wp-json\/wp\/v2\/product_brand?post=13324"},{"taxonomy":"product_cat","embeddable":true,"href":"https:\/\/www.boutiquefelicidad.com\/de\/wp-json\/wp\/v2\/product_cat?post=13324"},{"taxonomy":"product_tag","embeddable":true,"href":"https:\/\/www.boutiquefelicidad.com\/de\/wp-json\/wp\/v2\/product_tag?post=13324"}],"curies":[{"name":"wp","href":"https:\/\/api.w.org\/{rel}","templated":true}]}}