{"id":13291,"date":"2022-04-30T17:13:12","date_gmt":"2022-04-30T15:13:12","guid":{"rendered":"https:\/\/www.boutiquefelicidad.com\/?post_type=product&#038;p=13291"},"modified":"2024-11-15T11:30:09","modified_gmt":"2024-11-15T10:30:09","slug":"pantalon-30313-verde-aguamarina","status":"publish","type":"product","link":"https:\/\/www.boutiquefelicidad.com\/de\/producto\/pantalon-30313-verde-aguamarina\/","title":{"rendered":"Pantal\u00f3n 30313 Aguamarina"},"content":{"rendered":"<p style=\"text-align: left;\">Pantal\u00f3n 30313 verde aguamarina, de crep\u00e9, recto y muy juvenil, ideal para cualquier evento. Tambi\u00e9n disponible en color blanco, azul y marino.<\/p>\n<p>En nuestra secci\u00f3n de zapatos puede encontrar el zapato ideal para combinar con este pantal\u00f3n, \u00bfque os parece esta elegante sandalia a juego?\u00a0 \u00a0<span style=\"color: #ff9900;\"><a style=\"color: #ff9900;\" href=\"https:\/\/www.boutiquefelicidad.com\/producto\/sandalia-color-turquesa\/\">Sandalia color turquesa<\/a><\/span><\/p>\n<p>Si la talla que utiliza est\u00e1 agotada p\u00f3ngase en contacto con nosotros via email: <a href=\"mailto:b.felicidad@hotmail.com\">b.felicidad@hotmail.com<\/a> o whatsapp para consultar disponibilidad en f\u00e1brica.<\/p>\n<p>Recuerda, si est\u00e1s entre dos tallas escoge la siguiente m\u00e1s grande, \u00a0ante cualquier duda cons\u00faltenos sin compromiso.<\/p>\n<p>&nbsp;<\/p>\n<p>&nbsp;<\/p>\n","protected":false},"excerpt":{"rendered":"<p>Pantal\u00f3n 30313 verde aguamarina, de crep\u00e9, recto y muy juvenil, ideal para cualquier evento. Tambi\u00e9n disponible en color blanco, azul y marino.<\/p>\n","protected":false},"featured_media":13298,"template":"","meta":{"_et_pb_use_builder":"","_et_pb_old_content":"","_et_gb_content_width":""},"product_brand":[],"product_cat":[48,270],"product_tag":[869,867,868,866],"class_list":{"0":"post-13291","1":"product","2":"type-product","3":"status-publish","4":"has-post-thumbnail","6":"product_cat-mujer","7":"product_cat-conjuntos-y-monos","8":"product_tag-869","9":"product_tag-pantalonaguamarina","10":"product_tag-pantalondevestir","11":"product_tag-pantalonverde","12":"pa_tallas-l","13":"pa_tallas-m","14":"pa_tallas-s","15":"pa_tallas-xl","17":"first","18":"outofstock","19":"taxable","20":"shipping-taxable","21":"purchasable","22":"product-type-variable"},"_links":{"self":[{"href":"https:\/\/www.boutiquefelicidad.com\/de\/wp-json\/wp\/v2\/product\/13291","targetHints":{"allow":["GET"]}}],"collection":[{"href":"https:\/\/www.boutiquefelicidad.com\/de\/wp-json\/wp\/v2\/product"}],"about":[{"href":"https:\/\/www.boutiquefelicidad.com\/de\/wp-json\/wp\/v2\/types\/product"}],"wp:featuredmedia":[{"embeddable":true,"href":"https:\/\/www.boutiquefelicidad.com\/de\/wp-json\/wp\/v2\/media\/13298"}],"wp:attachment":[{"href":"https:\/\/www.boutiquefelicidad.com\/de\/wp-json\/wp\/v2\/media?parent=13291"}],"wp:term":[{"taxonomy":"product_brand","embeddable":true,"href":"https:\/\/www.boutiquefelicidad.com\/de\/wp-json\/wp\/v2\/product_brand?post=13291"},{"taxonomy":"product_cat","embeddable":true,"href":"https:\/\/www.boutiquefelicidad.com\/de\/wp-json\/wp\/v2\/product_cat?post=13291"},{"taxonomy":"product_tag","embeddable":true,"href":"https:\/\/www.boutiquefelicidad.com\/de\/wp-json\/wp\/v2\/product_tag?post=13291"}],"curies":[{"name":"wp","href":"https:\/\/api.w.org\/{rel}","templated":true}]}}