{"id":13283,"date":"2022-04-30T11:44:37","date_gmt":"2022-04-30T09:44:37","guid":{"rendered":"https:\/\/www.boutiquefelicidad.com\/?post_type=product&#038;p=13283"},"modified":"2025-08-01T12:57:17","modified_gmt":"2025-08-01T10:57:17","slug":"vestido-largo-2631-verde","status":"publish","type":"product","link":"https:\/\/www.boutiquefelicidad.com\/de\/producto\/vestido-largo-2631-verde\/","title":{"rendered":"Vestido 2631"},"content":{"rendered":"<p>Vestido largo de fiesta 2631, en color verde aguamarina de gasa, con escote cruzado en pico, mucha ca\u00edda y sin mangas. Incluye cintur\u00f3n de flores a juego de cord\u00f3n dorado. Tambi\u00e9n est\u00e1 disponible en color lila lavanda.<\/p>\n<p>En nuestra secci\u00f3n de zapatos puede encontrar el zapato ideal para este precioso vestido, como por ejemplo esta preciosa sandalia dorada a juego del cintur\u00f3n\u00a0 -&gt;\u00a0\u00a0<span style=\"color: #ffcc00;\"><a style=\"color: #ffcc00;\" href=\"https:\/\/www.boutiquefelicidad.com\/producto\/sandalia-dorada-de-brillo\/\">Sandalia dorada brillo<\/a><\/span><\/p>\n<p>Si la talla que utiliza est\u00e1 agotada p\u00f3ngase en contacto con nosotros via email: <a href=\"mailto:b.felicidad@hotmail.com\">b.felicidad@hotmail.com<\/a> para consultar disponibilidad en f\u00e1brica este vestido largo 2631 verde aguamarina.<\/p>\n<p>Para saber cu\u00e1l es su talla mida pecho, cintura y cadera y compruebe la tabla inferior.<br \/>\nRecuerda, si est\u00e1s entre dos tallas escoge la siguiente m\u00e1s grande.<br \/>\nNuestras tallas son orientativas y puede variar seg\u00fan el fabricante. Ante cualquier duda cons\u00faltenos.<\/p>\n<p><img loading=\"lazy\" decoding=\"async\" class=\"size-medium wp-image-8117 aligncenter\" src=\"https:\/\/www.boutiquefelicidad.com\/wp-content\/uploads\/2018\/03\/alma-gemela-300x144.png\" alt=\"\" width=\"300\" height=\"144\" srcset=\"https:\/\/www.boutiquefelicidad.com\/wp-content\/uploads\/2018\/03\/alma-gemela-300x144.png 300w, https:\/\/www.boutiquefelicidad.com\/wp-content\/uploads\/2018\/03\/alma-gemela-64x31.png 64w, https:\/\/www.boutiquefelicidad.com\/wp-content\/uploads\/2018\/03\/alma-gemela-600x287.png 600w, https:\/\/www.boutiquefelicidad.com\/wp-content\/uploads\/2018\/03\/alma-gemela.png 622w\" sizes=\"(max-width: 300px) 100vw, 300px\" \/><\/p>\n","protected":false},"excerpt":{"rendered":"<p>Vestido largo de fiesta 2631, en color verde aguamarina de gasa, con escote cruzado en pico, mucha ca\u00edda y sin mangas. Incluye cintur\u00f3n de flores a juego de cord\u00f3n dorado. Tambi\u00e9n est\u00e1 disponible en color lila lavanda.<\/p>\n","protected":false},"featured_media":13286,"template":"","meta":{"_et_pb_use_builder":"","_et_pb_old_content":"","_et_gb_content_width":""},"product_brand":[],"product_cat":[48,51],"product_tag":[850,746,747,339,861],"class_list":{"0":"post-13283","1":"product","2":"type-product","3":"status-publish","4":"has-post-thumbnail","6":"product_cat-mujer","7":"product_cat-vestidos-largos","8":"product_tag-vestidoaguamarina","9":"product_tag-vestidodefiesta","10":"product_tag-vestidodeinvitada","11":"product_tag-vestidolargo","12":"product_tag-vestidoverde","13":"pa_tallas-252","14":"pa_tallas-254","16":"first","17":"outofstock","18":"featured","19":"taxable","20":"shipping-taxable","21":"purchasable","22":"product-type-variable"},"_links":{"self":[{"href":"https:\/\/www.boutiquefelicidad.com\/de\/wp-json\/wp\/v2\/product\/13283","targetHints":{"allow":["GET"]}}],"collection":[{"href":"https:\/\/www.boutiquefelicidad.com\/de\/wp-json\/wp\/v2\/product"}],"about":[{"href":"https:\/\/www.boutiquefelicidad.com\/de\/wp-json\/wp\/v2\/types\/product"}],"wp:featuredmedia":[{"embeddable":true,"href":"https:\/\/www.boutiquefelicidad.com\/de\/wp-json\/wp\/v2\/media\/13286"}],"wp:attachment":[{"href":"https:\/\/www.boutiquefelicidad.com\/de\/wp-json\/wp\/v2\/media?parent=13283"}],"wp:term":[{"taxonomy":"product_brand","embeddable":true,"href":"https:\/\/www.boutiquefelicidad.com\/de\/wp-json\/wp\/v2\/product_brand?post=13283"},{"taxonomy":"product_cat","embeddable":true,"href":"https:\/\/www.boutiquefelicidad.com\/de\/wp-json\/wp\/v2\/product_cat?post=13283"},{"taxonomy":"product_tag","embeddable":true,"href":"https:\/\/www.boutiquefelicidad.com\/de\/wp-json\/wp\/v2\/product_tag?post=13283"}],"curies":[{"name":"wp","href":"https:\/\/api.w.org\/{rel}","templated":true}]}}