{"id":13263,"date":"2022-04-28T17:59:03","date_gmt":"2022-04-28T15:59:03","guid":{"rendered":"https:\/\/www.boutiquefelicidad.com\/?post_type=product&#038;p=13263"},"modified":"2024-11-15T11:30:14","modified_gmt":"2024-11-15T10:30:14","slug":"vestido-5218","status":"publish","type":"product","link":"https:\/\/www.boutiquefelicidad.com\/de\/producto\/vestido-5218\/","title":{"rendered":"Vestido 5218"},"content":{"rendered":"<p>Vestido 5218, corto de fiesta de madrina color turquesa, de talla grande, en crep\u00e9 con escote en pico y mangas. Lleva una sobrefalda en cintura que disimula. Incluye con cintur\u00f3n de pedrer\u00eda que lo hace muy elegante.<\/p>\n<p>En nuestra secci\u00f3n de zapatos puede encontrar el zapato ideal para combinar con este vestido, \u00bfque tal con este zapato de fiesta?\u00a0 \u00a0-&gt; <span style=\"color: #ff9900;\">\u00a0<span style=\"color: #ffcc00;\"><a style=\"color: #ffcc00;\" href=\"https:\/\/www.boutiquefelicidad.com\/producto\/sandalia-plateada-espejo-baja\/\">Sandalia plateada baja<\/a><\/span><\/span><\/p>\n<p>Si la talla que utiliza est\u00e1 agotada p\u00f3ngase en contacto con nosotros via email: <a href=\"mailto:b.felicidad@hotmail.com\">b.felicidad@hotmail.com<\/a> para consultar disponibilidad en f\u00e1brica de este vestido corto turquesa 5218<\/p>\n<p>Para saber cu\u00e1l es su talla mida pecho, cintura y cadera y compruebe la tabla inferior.<br \/>\nRecuerda, si est\u00e1s entre dos tallas escoge la siguiente m\u00e1s grande.<br \/>\nNuestras tallas son orientativas y puede variar seg\u00fan el fabricante. Ante cualquier duda cons\u00faltenos.<\/p>\n<p><img loading=\"lazy\" decoding=\"async\" class=\" wp-image-11553 aligncenter\" src=\"https:\/\/www.boutiquefelicidad.com\/wp-content\/uploads\/2020\/02\/celestina-300x122.png\" alt=\"\" width=\"400\" height=\"164\" srcset=\"https:\/\/www.boutiquefelicidad.com\/wp-content\/uploads\/2020\/02\/celestina-300x122.png 300w, https:\/\/www.boutiquefelicidad.com\/wp-content\/uploads\/2020\/02\/celestina-64x26.png 64w\" sizes=\"(max-width: 400px) 100vw, 400px\" \/><\/p>\n<p>&nbsp;<\/p>\n","protected":false},"excerpt":{"rendered":"<p>Vestido 5218, corto de fiesta de madrina, de talla grande, en crep\u00e9 con escote en pico y mangas. Lleva una sobrefalda en cintura que disimula. Incluye con cintur\u00f3n de pedrer\u00eda que lo hace muy elegante.<\/p>\n","protected":false},"featured_media":13266,"template":"","meta":{"_et_pb_use_builder":"","_et_pb_old_content":"","_et_gb_content_width":""},"product_brand":[],"product_cat":[48,50],"product_tag":[748,747,753,780,797],"class_list":{"0":"post-13263","1":"product","2":"type-product","3":"status-publish","4":"has-post-thumbnail","6":"product_cat-mujer","7":"product_cat-tallas-grandes","8":"product_tag-vestidocorto","9":"product_tag-vestidodeinvitada","10":"product_tag-vestidoestampado","11":"product_tag-vestidotallagrande","12":"product_tag-vestidoturquesa","13":"pa_tallas-260","15":"first","16":"outofstock","17":"taxable","18":"shipping-taxable","19":"purchasable","20":"product-type-variable"},"_links":{"self":[{"href":"https:\/\/www.boutiquefelicidad.com\/de\/wp-json\/wp\/v2\/product\/13263","targetHints":{"allow":["GET"]}}],"collection":[{"href":"https:\/\/www.boutiquefelicidad.com\/de\/wp-json\/wp\/v2\/product"}],"about":[{"href":"https:\/\/www.boutiquefelicidad.com\/de\/wp-json\/wp\/v2\/types\/product"}],"wp:featuredmedia":[{"embeddable":true,"href":"https:\/\/www.boutiquefelicidad.com\/de\/wp-json\/wp\/v2\/media\/13266"}],"wp:attachment":[{"href":"https:\/\/www.boutiquefelicidad.com\/de\/wp-json\/wp\/v2\/media?parent=13263"}],"wp:term":[{"taxonomy":"product_brand","embeddable":true,"href":"https:\/\/www.boutiquefelicidad.com\/de\/wp-json\/wp\/v2\/product_brand?post=13263"},{"taxonomy":"product_cat","embeddable":true,"href":"https:\/\/www.boutiquefelicidad.com\/de\/wp-json\/wp\/v2\/product_cat?post=13263"},{"taxonomy":"product_tag","embeddable":true,"href":"https:\/\/www.boutiquefelicidad.com\/de\/wp-json\/wp\/v2\/product_tag?post=13263"}],"curies":[{"name":"wp","href":"https:\/\/api.w.org\/{rel}","templated":true}]}}