{"id":13164,"date":"2022-04-20T20:48:38","date_gmt":"2022-04-20T18:48:38","guid":{"rendered":"https:\/\/www.boutiquefelicidad.com\/?post_type=product&#038;p=13164"},"modified":"2024-11-15T11:30:20","modified_gmt":"2024-11-15T10:30:20","slug":"elegantisimo-vestido-largo-de-fiesta-de-raso-en-color-rojo-con-escote-en-pico-cruzado-tirantes-con-pedreria-en-cristales-y-fajin-en-cintura-del-mismo-tejido-tambien-disponible-en-color-fucsia-y-colo","status":"publish","type":"product","link":"https:\/\/www.boutiquefelicidad.com\/de\/producto\/elegantisimo-vestido-largo-de-fiesta-de-raso-en-color-rojo-con-escote-en-pico-cruzado-tirantes-con-pedreria-en-cristales-y-fajin-en-cintura-del-mismo-tejido-tambien-disponible-en-color-fucsia-y-colo\/","title":{"rendered":"Vestido 2626 ROJO"},"content":{"rendered":"<p>Elegant\u00edsimo vestido largo de fiesta de raso en color rojo con escote en pico cruzado, tirantes con pedrer\u00eda en cristales y faj\u00edn en cintura del mismo tejido. Tambi\u00e9n disponible en color fucsia y color azul el\u00e9ctrico.<\/p>\n<p>Puede encontrar el zapato ideal para este precioso vestido en nuestra secci\u00f3n de zapatos, por ejemplo esta preciosa\u00a0 \u00a0 -&gt;\u00a0 <span style=\"color: #ff6600;\">\u00a0<a style=\"color: #ff6600;\" href=\"https:\/\/www.boutiquefelicidad.com\/producto\/sandalia-de-fiesta-de-brillo-color-plateado-con-plataforma\/\">Sandalia plateada brillo<\/a><\/span><\/p>\n<p>Si la talla que utiliza est\u00e1 agotada p\u00f3ngase en contacto con nosotros via email: <a href=\"mailto:b.felicidad@hotmail.com\">b.felicidad@hotmail.com<\/a> para consultar disponibilidad en f\u00e1brica.<\/p>\n<p>Para saber cu\u00e1l es su talla mida pecho, cintura y cadera y compruebe la tabla inferior.<br \/>\nRecuerda, si est\u00e1s entre dos tallas escoge la siguiente m\u00e1s grande.<br \/>\nNuestras tallas son orientativas y puede variar seg\u00fan el fabricante. Ante cualquier duda cons\u00faltenos.<\/p>\n<p><img loading=\"lazy\" decoding=\"async\" class=\"size-medium wp-image-8117 aligncenter\" src=\"https:\/\/www.boutiquefelicidad.com\/wp-content\/uploads\/2018\/03\/alma-gemela-300x144.png\" alt=\"\" width=\"300\" height=\"144\" srcset=\"https:\/\/www.boutiquefelicidad.com\/wp-content\/uploads\/2018\/03\/alma-gemela-300x144.png 300w, https:\/\/www.boutiquefelicidad.com\/wp-content\/uploads\/2018\/03\/alma-gemela-64x31.png 64w, https:\/\/www.boutiquefelicidad.com\/wp-content\/uploads\/2018\/03\/alma-gemela-600x287.png 600w, https:\/\/www.boutiquefelicidad.com\/wp-content\/uploads\/2018\/03\/alma-gemela.png 622w\" sizes=\"(max-width: 300px) 100vw, 300px\" \/><\/p>\n","protected":false},"excerpt":{"rendered":"<p>Elegant\u00edsimo vestido largo de fiesta de raso en color rojo con escote en pico cruzado, tirantes con pedrer\u00eda en cristales y faj\u00edn en cintura del mismo tejido. Tambi\u00e9n disponible en color fucsia y color azul el\u00e9ctrico.<\/p>\n","protected":false},"featured_media":13153,"template":"","meta":{"_et_pb_use_builder":"","_et_pb_old_content":"","_et_gb_content_width":""},"product_brand":[],"product_cat":[48,51],"product_tag":[811,305,746,747,796,339,812],"class_list":{"0":"post-13164","1":"product","2":"type-product","3":"status-publish","4":"has-post-thumbnail","6":"product_cat-mujer","7":"product_cat-vestidos-largos","8":"product_tag-811","9":"product_tag-alicante","10":"product_tag-vestidodefiesta","11":"product_tag-vestidodeinvitada","12":"product_tag-vestidoelegante","13":"product_tag-vestidolargo","14":"product_tag-vestidorojo","15":"pa_tallas-249","17":"first","18":"outofstock","19":"featured","20":"taxable","21":"shipping-taxable","22":"purchasable","23":"product-type-variable"},"_links":{"self":[{"href":"https:\/\/www.boutiquefelicidad.com\/de\/wp-json\/wp\/v2\/product\/13164","targetHints":{"allow":["GET"]}}],"collection":[{"href":"https:\/\/www.boutiquefelicidad.com\/de\/wp-json\/wp\/v2\/product"}],"about":[{"href":"https:\/\/www.boutiquefelicidad.com\/de\/wp-json\/wp\/v2\/types\/product"}],"wp:featuredmedia":[{"embeddable":true,"href":"https:\/\/www.boutiquefelicidad.com\/de\/wp-json\/wp\/v2\/media\/13153"}],"wp:attachment":[{"href":"https:\/\/www.boutiquefelicidad.com\/de\/wp-json\/wp\/v2\/media?parent=13164"}],"wp:term":[{"taxonomy":"product_brand","embeddable":true,"href":"https:\/\/www.boutiquefelicidad.com\/de\/wp-json\/wp\/v2\/product_brand?post=13164"},{"taxonomy":"product_cat","embeddable":true,"href":"https:\/\/www.boutiquefelicidad.com\/de\/wp-json\/wp\/v2\/product_cat?post=13164"},{"taxonomy":"product_tag","embeddable":true,"href":"https:\/\/www.boutiquefelicidad.com\/de\/wp-json\/wp\/v2\/product_tag?post=13164"}],"curies":[{"name":"wp","href":"https:\/\/api.w.org\/{rel}","templated":true}]}}