{"id":12986,"date":"2022-04-04T13:08:52","date_gmt":"2022-04-04T11:08:52","guid":{"rendered":"https:\/\/www.boutiquefelicidad.com\/?post_type=product&#038;p=12986"},"modified":"2024-11-15T11:30:35","modified_gmt":"2024-11-15T10:30:35","slug":"sandalia-plateada-espejo-baja","status":"publish","type":"product","link":"https:\/\/www.boutiquefelicidad.com\/de\/producto\/sandalia-plateada-espejo-baja\/","title":{"rendered":"Sandalia plateada baja"},"content":{"rendered":"<p>Sandalia de fiesta plateada espejo, atada al tobillo y con tac\u00f3n cuadrado de 5 cms de altura, baja, muy c\u00f3moda y elegante. Tambi\u00e9n disponible en color dorado\u00a0 &#8211; &gt; <span style=\"color: #ff9900;\">\u00a0<span style=\"color: #ffcc00;\"><a style=\"color: #ffcc00;\" href=\"https:\/\/www.boutiquefelicidad.com\/producto\/sandalia-dorada-baja-copia\/\">Sandalia dorada baja<\/a><\/span><\/span><\/p>\n","protected":false},"excerpt":{"rendered":"<p>Sandalia de fiesta plateada espejo, atada al tobillo y con tac\u00f3n cuadrado de 5 cms de altura, baja, muy c\u00f3moda y elegante. Tambi\u00e9n disponible en color dorado.<\/p>\n","protected":false},"featured_media":12952,"template":"","meta":{"_et_pb_use_builder":"","_et_pb_old_content":"","_et_gb_content_width":""},"product_brand":[],"product_cat":[88],"product_tag":[722,721,723,720],"class_list":{"0":"post-12986","1":"product","2":"type-product","3":"status-publish","4":"has-post-thumbnail","6":"product_cat-zapatos-de-mujer","7":"product_tag-sandaliadefiesta","8":"product_tag-sandaliaplateada","9":"product_tag-zapatodefiesta","10":"product_tag-zapatoplateado","11":"pa_tallas-275","12":"pa_tallas-249","13":"pa_tallas-276","14":"pa_tallas-250","15":"pa_tallas-277","16":"pa_tallas-251","17":"pa_tallas-278","19":"first","20":"instock","21":"featured","22":"taxable","23":"shipping-taxable","24":"purchasable","25":"product-type-variable"},"_links":{"self":[{"href":"https:\/\/www.boutiquefelicidad.com\/de\/wp-json\/wp\/v2\/product\/12986","targetHints":{"allow":["GET"]}}],"collection":[{"href":"https:\/\/www.boutiquefelicidad.com\/de\/wp-json\/wp\/v2\/product"}],"about":[{"href":"https:\/\/www.boutiquefelicidad.com\/de\/wp-json\/wp\/v2\/types\/product"}],"wp:featuredmedia":[{"embeddable":true,"href":"https:\/\/www.boutiquefelicidad.com\/de\/wp-json\/wp\/v2\/media\/12952"}],"wp:attachment":[{"href":"https:\/\/www.boutiquefelicidad.com\/de\/wp-json\/wp\/v2\/media?parent=12986"}],"wp:term":[{"taxonomy":"product_brand","embeddable":true,"href":"https:\/\/www.boutiquefelicidad.com\/de\/wp-json\/wp\/v2\/product_brand?post=12986"},{"taxonomy":"product_cat","embeddable":true,"href":"https:\/\/www.boutiquefelicidad.com\/de\/wp-json\/wp\/v2\/product_cat?post=12986"},{"taxonomy":"product_tag","embeddable":true,"href":"https:\/\/www.boutiquefelicidad.com\/de\/wp-json\/wp\/v2\/product_tag?post=12986"}],"curies":[{"name":"wp","href":"https:\/\/api.w.org\/{rel}","templated":true}]}}