{"id":12878,"date":"2022-03-25T10:12:37","date_gmt":"2022-03-25T09:12:37","guid":{"rendered":"https:\/\/www.boutiquefelicidad.com\/?post_type=product&#038;p=12878"},"modified":"2025-08-01T12:58:12","modified_gmt":"2025-08-01T10:58:12","slug":"vestido-de-fiesta-de-invitada-asimetrico-escote-corazon-con-cuerpo-de-mangas-de-tul-plumeti-y-falda-con-estampado-original-en-tejido-brillante","status":"publish","type":"product","link":"https:\/\/www.boutiquefelicidad.com\/de\/producto\/vestido-de-fiesta-de-invitada-asimetrico-escote-corazon-con-cuerpo-de-mangas-de-tul-plumeti-y-falda-con-estampado-original-en-tejido-brillante\/","title":{"rendered":"Vestido 2625"},"content":{"rendered":"<p>Vestido de fiesta de invitada asim\u00e9trico, escote coraz\u00f3n con cuerpo de mangas de tul plumeti y falda con estampado original en tejido brillante. Tambi\u00e9n disponible en color fucsia.<\/p>\n<p>Puede encontrar el zapato ideal para este precioso vestido en nuestra secci\u00f3n de zapatos, por ejemplo esta sandalia color azul el\u00e9ctrico\u00a0 \u00a0-&gt;\u00a0 <a href=\"https:\/\/www.boutiquefelicidad.com\/producto\/sandalia-de-fiesta-antelina-color-azul-electrico-con-plataforma\/\">Sandalia azul<\/a><\/p>\n<p>Si la talla que utiliza est\u00e1 agotada p\u00f3ngase en contacto con nosotros via email: <a href=\"mailto:b.felicidad@hotmail.com\">b.felicidad@hotmail.com<\/a> para consultar disponibilidad en f\u00e1brica.<\/p>\n<p>Para saber cu\u00e1l es su talla mida pecho, cintura y cadera y compruebe la tabla inferior.<br \/>\nRecuerda, si est\u00e1s entre dos tallas escoge la siguiente m\u00e1s grande.<br \/>\nNuestras tallas son orientativas y puede variar seg\u00fan el fabricante. Ante cualquier duda cons\u00faltenos.<\/p>\n<p><img loading=\"lazy\" decoding=\"async\" class=\"size-medium wp-image-8117 aligncenter\" src=\"https:\/\/www.boutiquefelicidad.com\/wp-content\/uploads\/2018\/03\/alma-gemela-300x144.png\" alt=\"\" width=\"300\" height=\"144\" srcset=\"https:\/\/www.boutiquefelicidad.com\/wp-content\/uploads\/2018\/03\/alma-gemela-300x144.png 300w, https:\/\/www.boutiquefelicidad.com\/wp-content\/uploads\/2018\/03\/alma-gemela-64x31.png 64w, https:\/\/www.boutiquefelicidad.com\/wp-content\/uploads\/2018\/03\/alma-gemela-600x287.png 600w, https:\/\/www.boutiquefelicidad.com\/wp-content\/uploads\/2018\/03\/alma-gemela.png 622w\" sizes=\"(max-width: 300px) 100vw, 300px\" \/><\/p>\n","protected":false},"excerpt":{"rendered":"<p>Vestido de fiesta de invitada asim\u00e9trico, escote coraz\u00f3n con cuerpo de mangas de tul plumeti y falda con estampado original en tejido brillante. Tambi\u00e9n disponible en color fucsia.<\/p>\n","protected":false},"featured_media":13105,"template":"","meta":{"_et_pb_use_builder":"","_et_pb_old_content":"","_et_gb_content_width":""},"product_brand":[],"product_cat":[48,53],"product_tag":[777,305,322,304,292,775,776,747,753],"class_list":{"0":"post-12878","1":"product","2":"type-product","3":"status-publish","4":"has-post-thumbnail","6":"product_cat-mujer","7":"product_cat-vestidos-cortos","8":"product_tag-777","9":"product_tag-alicante","10":"product_tag-benidorm","11":"product_tag-boda","12":"product_tag-calpe","13":"product_tag-vestidoasimetrico","14":"product_tag-vestidoazul","15":"product_tag-vestidodeinvitada","16":"product_tag-vestidoestampado","17":"pa_tallas-253","18":"pa_tallas-254","19":"pa_tallas-255","21":"first","22":"outofstock","23":"featured","24":"taxable","25":"shipping-taxable","26":"purchasable","27":"product-type-variable"},"_links":{"self":[{"href":"https:\/\/www.boutiquefelicidad.com\/de\/wp-json\/wp\/v2\/product\/12878","targetHints":{"allow":["GET"]}}],"collection":[{"href":"https:\/\/www.boutiquefelicidad.com\/de\/wp-json\/wp\/v2\/product"}],"about":[{"href":"https:\/\/www.boutiquefelicidad.com\/de\/wp-json\/wp\/v2\/types\/product"}],"wp:featuredmedia":[{"embeddable":true,"href":"https:\/\/www.boutiquefelicidad.com\/de\/wp-json\/wp\/v2\/media\/13105"}],"wp:attachment":[{"href":"https:\/\/www.boutiquefelicidad.com\/de\/wp-json\/wp\/v2\/media?parent=12878"}],"wp:term":[{"taxonomy":"product_brand","embeddable":true,"href":"https:\/\/www.boutiquefelicidad.com\/de\/wp-json\/wp\/v2\/product_brand?post=12878"},{"taxonomy":"product_cat","embeddable":true,"href":"https:\/\/www.boutiquefelicidad.com\/de\/wp-json\/wp\/v2\/product_cat?post=12878"},{"taxonomy":"product_tag","embeddable":true,"href":"https:\/\/www.boutiquefelicidad.com\/de\/wp-json\/wp\/v2\/product_tag?post=12878"}],"curies":[{"name":"wp","href":"https:\/\/api.w.org\/{rel}","templated":true}]}}