{"id":12805,"date":"2022-03-21T10:44:40","date_gmt":"2022-03-21T09:44:40","guid":{"rendered":"https:\/\/www.boutiquefelicidad.com\/?post_type=product&#038;p=12805"},"modified":"2024-11-15T11:30:52","modified_gmt":"2024-11-15T10:30:52","slug":"vestido-corto-30545-azul","status":"publish","type":"product","link":"https:\/\/www.boutiquefelicidad.com\/de\/producto\/vestido-corto-30545-azul\/","title":{"rendered":"Vestido 30545 AZUL"},"content":{"rendered":"<p style=\"text-align: left;\">Vestido corto 30545 en color azul con cintur\u00f3n met\u00e1lico dorado a juego. Tambi\u00e9n disponible en color coral\u00a0 \u00a0-&gt;\u00a0 \u00a0<span style=\"color: #ffcc99;\"><a style=\"color: #ffcc99;\" href=\"https:\/\/www.boutiquefelicidad.com\/producto\/vestido-30545-coral\/\">Vestido 30545 CORAL<\/a><\/span><\/p>\n<p>Si la talla que utiliza est\u00e1 agotada p\u00f3ngase en contacto con nosotros via email: <a href=\"mailto:b.felicidad@hotmail.com\">b.felicidad@hotmail.com<\/a> o whatsapp, para consultar disponibilidad en f\u00e1brica de este juvenil vestido corto 30545 azul.<\/p>\n<p>Para saber cu\u00e1l es su talla mida pecho, cintura y cadera y compruebe la tabla inferior.<br \/>\nRecuerda, si est\u00e1s entre dos tallas escoge la siguiente m\u00e1s grande.<br \/>\nNuestras tallas son orientativas y puede variar seg\u00fan el fabricante. Ante cualquier duda cons\u00faltenos.<\/p>\n<p>&nbsp;<\/p>\n<p>&nbsp;<\/p>\n","protected":false},"excerpt":{"rendered":"<p>Vestido corto 30545 en color azul con cintur\u00f3n met\u00e1lico dorado a juego. Tambi\u00e9n disponible en color coral.<\/p>\n","protected":false},"featured_media":12701,"template":"","meta":{"_et_pb_use_builder":"","_et_pb_old_content":"","_et_gb_content_width":""},"product_brand":[],"product_cat":[48,53],"product_tag":[305,321,314,322,304,292,323,310,295,380,293],"class_list":{"0":"post-12805","1":"product","2":"type-product","3":"status-publish","4":"has-post-thumbnail","6":"product_cat-mujer","7":"product_cat-vestidos-cortos","8":"product_tag-alicante","9":"product_tag-altea","10":"product_tag-azul","11":"product_tag-benidorm","12":"product_tag-boda","13":"product_tag-calpe","14":"product_tag-denia","15":"product_tag-evento","16":"product_tag-fiesta","17":"product_tag-invitada","18":"product_tag-vestido","19":"pa_tallas-l","20":"pa_tallas-m","21":"pa_tallas-s","22":"pa_tallas-xl","23":"pa_tallas-xxl","25":"first","26":"outofstock","27":"featured","28":"taxable","29":"shipping-taxable","30":"purchasable","31":"product-type-variable"},"_links":{"self":[{"href":"https:\/\/www.boutiquefelicidad.com\/de\/wp-json\/wp\/v2\/product\/12805","targetHints":{"allow":["GET"]}}],"collection":[{"href":"https:\/\/www.boutiquefelicidad.com\/de\/wp-json\/wp\/v2\/product"}],"about":[{"href":"https:\/\/www.boutiquefelicidad.com\/de\/wp-json\/wp\/v2\/types\/product"}],"wp:featuredmedia":[{"embeddable":true,"href":"https:\/\/www.boutiquefelicidad.com\/de\/wp-json\/wp\/v2\/media\/12701"}],"wp:attachment":[{"href":"https:\/\/www.boutiquefelicidad.com\/de\/wp-json\/wp\/v2\/media?parent=12805"}],"wp:term":[{"taxonomy":"product_brand","embeddable":true,"href":"https:\/\/www.boutiquefelicidad.com\/de\/wp-json\/wp\/v2\/product_brand?post=12805"},{"taxonomy":"product_cat","embeddable":true,"href":"https:\/\/www.boutiquefelicidad.com\/de\/wp-json\/wp\/v2\/product_cat?post=12805"},{"taxonomy":"product_tag","embeddable":true,"href":"https:\/\/www.boutiquefelicidad.com\/de\/wp-json\/wp\/v2\/product_tag?post=12805"}],"curies":[{"name":"wp","href":"https:\/\/api.w.org\/{rel}","templated":true}]}}