{"id":12541,"date":"2022-01-28T18:34:37","date_gmt":"2022-01-28T17:34:37","guid":{"rendered":"https:\/\/www.boutiquefelicidad.com\/?post_type=product&#038;p=12541"},"modified":"2024-11-15T11:31:18","modified_gmt":"2024-11-15T10:31:18","slug":"sonia-pena-1223004","status":"publish","type":"product","link":"https:\/\/www.boutiquefelicidad.com\/de\/producto\/sonia-pena-1223004\/","title":{"rendered":"SONIA PE\u00d1A 1223004"},"content":{"rendered":"<p>Vestido de invitada de Sonia Pe\u00f1a en color turquesa, con falda corto -largo de gasa y escote hulter. Tambi\u00e9n disponible en color fresa.<\/p>\n<p>Si la talla que utiliza est\u00e1 agotada p\u00f3ngase en contacto con nosotros via email: <a href=\"mailto:b.felicidad@hotmail.com\">b.felicidad@hotmail.com<\/a> para consultar disponibilidad en f\u00e1brica.<\/p>\n<p>Para saber cu\u00e1l es su talla mida pecho, cintura y cadera y compruebe la tabla inferior.<br \/>\nRecuerda, si est\u00e1s entre dos tallas escoge la siguiente m\u00e1s grande.<br \/>\nNuestras tallas son orientativas y puede variar seg\u00fan el fabricante. Ante cualquier duda cons\u00faltenos.<\/p>\n<p><img loading=\"lazy\" decoding=\"async\" class=\"size-medium wp-image-7186 aligncenter\" src=\"https:\/\/www.boutiquefelicidad.com\/wp-content\/uploads\/2018\/03\/sonia-pena-300x178.png\" alt=\"\" width=\"300\" height=\"178\" srcset=\"https:\/\/www.boutiquefelicidad.com\/wp-content\/uploads\/2018\/03\/sonia-pena-300x178.png 300w, https:\/\/www.boutiquefelicidad.com\/wp-content\/uploads\/2018\/03\/sonia-pena-64x38.png 64w, https:\/\/www.boutiquefelicidad.com\/wp-content\/uploads\/2018\/03\/sonia-pena-600x356.png 600w, https:\/\/www.boutiquefelicidad.com\/wp-content\/uploads\/2018\/03\/sonia-pena.png 616w\" sizes=\"(max-width: 300px) 100vw, 300px\" \/><\/p>\n","protected":false},"excerpt":{"rendered":"<p>Vestido de invitada de Sonia Pe\u00f1a en color turquesa, con falda corto -largo de gasa y escote hulter. Tambi\u00e9n disponible en color fresa.<\/p>\n","protected":false},"featured_media":12528,"template":"","meta":{"_et_pb_use_builder":"","_et_pb_old_content":"","_et_gb_content_width":""},"product_brand":[],"product_cat":[52,48],"product_tag":[691,305,321,322,304,292,332,323,310,295,313,309,343,396,293],"class_list":{"0":"post-12541","1":"product","2":"type-product","3":"status-publish","4":"has-post-thumbnail","6":"product_cat-alta-costura","7":"product_cat-mujer","8":"product_tag-691","9":"product_tag-alicante","10":"product_tag-altea","11":"product_tag-benidorm","12":"product_tag-boda","13":"product_tag-calpe","14":"product_tag-comunion","15":"product_tag-denia","16":"product_tag-evento","17":"product_tag-fiesta","18":"product_tag-madrina","19":"product_tag-moda","20":"product_tag-sonia-pena","21":"product_tag-turquesa","22":"product_tag-vestido","23":"pa_tallas-252","25":"first","26":"outofstock","27":"taxable","28":"shipping-taxable","29":"purchasable","30":"product-type-variable"},"_links":{"self":[{"href":"https:\/\/www.boutiquefelicidad.com\/de\/wp-json\/wp\/v2\/product\/12541","targetHints":{"allow":["GET"]}}],"collection":[{"href":"https:\/\/www.boutiquefelicidad.com\/de\/wp-json\/wp\/v2\/product"}],"about":[{"href":"https:\/\/www.boutiquefelicidad.com\/de\/wp-json\/wp\/v2\/types\/product"}],"wp:featuredmedia":[{"embeddable":true,"href":"https:\/\/www.boutiquefelicidad.com\/de\/wp-json\/wp\/v2\/media\/12528"}],"wp:attachment":[{"href":"https:\/\/www.boutiquefelicidad.com\/de\/wp-json\/wp\/v2\/media?parent=12541"}],"wp:term":[{"taxonomy":"product_brand","embeddable":true,"href":"https:\/\/www.boutiquefelicidad.com\/de\/wp-json\/wp\/v2\/product_brand?post=12541"},{"taxonomy":"product_cat","embeddable":true,"href":"https:\/\/www.boutiquefelicidad.com\/de\/wp-json\/wp\/v2\/product_cat?post=12541"},{"taxonomy":"product_tag","embeddable":true,"href":"https:\/\/www.boutiquefelicidad.com\/de\/wp-json\/wp\/v2\/product_tag?post=12541"}],"curies":[{"name":"wp","href":"https:\/\/api.w.org\/{rel}","templated":true}]}}