{"id":12509,"date":"2022-01-27T18:20:00","date_gmt":"2022-01-27T17:20:00","guid":{"rendered":"https:\/\/www.boutiquefelicidad.com\/?post_type=product&#038;p=12509"},"modified":"2024-11-15T11:31:29","modified_gmt":"2024-11-15T10:31:29","slug":"conjunto-de-pantalon-y-blusa-de-fiesta-de-talla-grande-pantalon-en-color-azul-marino-y-blusa-estampada-de-flores-azul-marino-sobre-fondo-celeste-con-destellos-dorados","status":"publish","type":"product","link":"https:\/\/www.boutiquefelicidad.com\/de\/producto\/conjunto-de-pantalon-y-blusa-de-fiesta-de-talla-grande-pantalon-en-color-azul-marino-y-blusa-estampada-de-flores-azul-marino-sobre-fondo-celeste-con-destellos-dorados\/","title":{"rendered":"Conjunto 5200 AZUL"},"content":{"rendered":"<p>Conjunto de pantal\u00f3n y blusa de fiesta de talla grande, pantal\u00f3n en color azul marino y blusa estampada de flores azul marino sobre fondo celeste con destellos dorados. Tambi\u00e9n disponible en color malva-morado.<\/p>\n<p>En nuestra secci\u00f3n de zapatos puede encontrar el zapato ideal para combinar con este vestido, \u00bfque tal con esta c\u00f3moda sandalia dorada?\u00a0 \u00a0-&gt;\u00a0\u00a0<a href=\"https:\/\/www.boutiquefelicidad.com\/producto\/sandalia-dorada-baja-copia\/\">Sandalia dorada baja<\/a><\/p>\n<p>Si la talla que utiliza est\u00e1 agotada p\u00f3ngase en contacto con nosotros via email: <a href=\"mailto:b.felicidad@hotmail.com\">b.felicidad@hotmail.com<\/a> para consultar disponibilidad en f\u00e1brica.<\/p>\n<p>Para saber cu\u00e1l es su talla mida pecho, cintura y cadera y compruebe la tabla inferior.<br \/>\nRecuerda, si est\u00e1s entre dos tallas escoge la siguiente m\u00e1s grande.<br \/>\nNuestras tallas son orientativas y puede variar seg\u00fan el fabricante. Ante cualquier duda cons\u00faltenos.<\/p>\n<p><img loading=\"lazy\" decoding=\"async\" class=\" wp-image-11553 aligncenter\" src=\"https:\/\/www.boutiquefelicidad.com\/wp-content\/uploads\/2020\/02\/celestina-300x122.png\" alt=\"\" width=\"400\" height=\"164\" srcset=\"https:\/\/www.boutiquefelicidad.com\/wp-content\/uploads\/2020\/02\/celestina-300x122.png 300w, https:\/\/www.boutiquefelicidad.com\/wp-content\/uploads\/2020\/02\/celestina-64x26.png 64w\" sizes=\"(max-width: 400px) 100vw, 400px\" \/><\/p>\n<p>&nbsp;<\/p>\n","protected":false},"excerpt":{"rendered":"<p>Conjunto de pantal\u00f3n y blusa de fiesta de talla grande, pantal\u00f3n en color azul marino y blusa estampada de flores azul marino sobre fondo celeste con destellos dorados. Tambi\u00e9n disponible en color malva-morado.<\/p>\n","protected":false},"featured_media":13068,"template":"","meta":{"_et_pb_use_builder":"","_et_pb_old_content":"","_et_gb_content_width":""},"product_brand":[],"product_cat":[48,270,50],"product_tag":[792,791,789,790],"class_list":{"0":"post-12509","1":"product","2":"type-product","3":"status-publish","4":"has-post-thumbnail","6":"product_cat-mujer","7":"product_cat-conjuntos-y-monos","8":"product_cat-tallas-grandes","9":"product_tag-conjuntodefiesta","10":"product_tag-conjuntodeinvitada","11":"product_tag-conjuntotallagrande","12":"product_tag-pantalonyblusa","13":"pa_tallas-254","15":"first","16":"outofstock","17":"featured","18":"taxable","19":"shipping-taxable","20":"purchasable","21":"product-type-variable"},"_links":{"self":[{"href":"https:\/\/www.boutiquefelicidad.com\/de\/wp-json\/wp\/v2\/product\/12509","targetHints":{"allow":["GET"]}}],"collection":[{"href":"https:\/\/www.boutiquefelicidad.com\/de\/wp-json\/wp\/v2\/product"}],"about":[{"href":"https:\/\/www.boutiquefelicidad.com\/de\/wp-json\/wp\/v2\/types\/product"}],"wp:featuredmedia":[{"embeddable":true,"href":"https:\/\/www.boutiquefelicidad.com\/de\/wp-json\/wp\/v2\/media\/13068"}],"wp:attachment":[{"href":"https:\/\/www.boutiquefelicidad.com\/de\/wp-json\/wp\/v2\/media?parent=12509"}],"wp:term":[{"taxonomy":"product_brand","embeddable":true,"href":"https:\/\/www.boutiquefelicidad.com\/de\/wp-json\/wp\/v2\/product_brand?post=12509"},{"taxonomy":"product_cat","embeddable":true,"href":"https:\/\/www.boutiquefelicidad.com\/de\/wp-json\/wp\/v2\/product_cat?post=12509"},{"taxonomy":"product_tag","embeddable":true,"href":"https:\/\/www.boutiquefelicidad.com\/de\/wp-json\/wp\/v2\/product_tag?post=12509"}],"curies":[{"name":"wp","href":"https:\/\/api.w.org\/{rel}","templated":true}]}}