{"id":12470,"date":"2022-01-27T12:21:11","date_gmt":"2022-01-27T11:21:11","guid":{"rendered":"https:\/\/www.boutiquefelicidad.com\/?post_type=product&#038;p=12470"},"modified":"2024-11-15T11:31:39","modified_gmt":"2024-11-15T10:31:39","slug":"vestido-de-fiesta-dakota","status":"publish","type":"product","link":"https:\/\/www.boutiquefelicidad.com\/de\/producto\/vestido-de-fiesta-dakota\/","title":{"rendered":"Vestido DAKOTA"},"content":{"rendered":"<p style=\"text-align: left;\">Vestido de fiesta DAKOTA, largo midi en crep\u00e9, con cuerpo blanco roto y falda rosa palo. Incluye cintur\u00f3n de flores doradas en guipur.<\/p>\n<p>En nuestra secci\u00f3n de zapatos puede encontrar el zapato ideal para combinar con este elegante vestido, como por ejemplo est\u00e1 c\u00f3moda\u00a0 -&gt;\u00a0 <span style=\"color: #ffcc00;\"><a style=\"color: #ffcc00;\" href=\"https:\/\/www.boutiquefelicidad.com\/producto\/sandalia-de-fiesta-color-dorado-con-plataforma\/\">Sandalia dorada<\/a><\/span><\/p>\n<p>Si la talla que utiliza est\u00e1 agotada p\u00f3ngase en contacto con nosotros via email: <a href=\"mailto:b.felicidad@hotmail.com\">b.felicidad@hotmail.com<\/a> para consultar disponibilidad en f\u00e1brica para este precioso vestido de fiesta Dakota.<\/p>\n<p>Para saber cu\u00e1l es su talla mida pecho, cintura y cadera y compruebe la tabla inferior.<br \/>\nRecuerda, si est\u00e1s entre dos tallas escoge la siguiente m\u00e1s grande.<br \/>\nNuestras tallas son orientativas y puede variar seg\u00fan el fabricante. Ante cualquier duda cons\u00faltenos.<\/p>\n<p style=\"text-align: center;\"><strong>GUIA DE TALLAS<\/strong><\/p>\n<p><img loading=\"lazy\" decoding=\"async\" class=\"size-medium wp-image-12473 aligncenter\" src=\"https:\/\/www.boutiquefelicidad.com\/wp-content\/uploads\/2022\/01\/role-mode-300x189.png\" alt=\"\" width=\"300\" height=\"189\" srcset=\"https:\/\/www.boutiquefelicidad.com\/wp-content\/uploads\/2022\/01\/role-mode-300x189.png 300w, https:\/\/www.boutiquefelicidad.com\/wp-content\/uploads\/2022\/01\/role-mode-64x40.png 64w, https:\/\/www.boutiquefelicidad.com\/wp-content\/uploads\/2022\/01\/role-mode-600x379.png 600w, https:\/\/www.boutiquefelicidad.com\/wp-content\/uploads\/2022\/01\/role-mode.png 656w\" sizes=\"(max-width: 300px) 100vw, 300px\" \/><\/p>\n","protected":false},"excerpt":{"rendered":"<p>Vestido de fiesta DAKOTA, largo midi en crep\u00e9, con cuerpo blanco roto y falda rosa palo. Incluye cintur\u00f3n de flores doradas en guipur.<\/p>\n","protected":false},"featured_media":13223,"template":"","meta":{"_et_pb_use_builder":"","_et_pb_old_content":"","_et_gb_content_width":""},"product_brand":[],"product_cat":[48,53],"product_tag":[669,837,779,746,747,832],"class_list":{"0":"post-12470","1":"product","2":"type-product","3":"status-publish","4":"has-post-thumbnail","6":"product_cat-mujer","7":"product_cat-vestidos-cortos","8":"product_tag-dakota","9":"product_tag-rolemode","10":"product_tag-vestidoconmangas","11":"product_tag-vestidodefiesta","12":"product_tag-vestidodeinvitada","13":"product_tag-vestidorosayblanco","14":"pa_tallas-251","15":"pa_tallas-252","16":"pa_tallas-253","18":"first","19":"outofstock","20":"featured","21":"taxable","22":"shipping-taxable","23":"purchasable","24":"product-type-variable"},"_links":{"self":[{"href":"https:\/\/www.boutiquefelicidad.com\/de\/wp-json\/wp\/v2\/product\/12470","targetHints":{"allow":["GET"]}}],"collection":[{"href":"https:\/\/www.boutiquefelicidad.com\/de\/wp-json\/wp\/v2\/product"}],"about":[{"href":"https:\/\/www.boutiquefelicidad.com\/de\/wp-json\/wp\/v2\/types\/product"}],"wp:featuredmedia":[{"embeddable":true,"href":"https:\/\/www.boutiquefelicidad.com\/de\/wp-json\/wp\/v2\/media\/13223"}],"wp:attachment":[{"href":"https:\/\/www.boutiquefelicidad.com\/de\/wp-json\/wp\/v2\/media?parent=12470"}],"wp:term":[{"taxonomy":"product_brand","embeddable":true,"href":"https:\/\/www.boutiquefelicidad.com\/de\/wp-json\/wp\/v2\/product_brand?post=12470"},{"taxonomy":"product_cat","embeddable":true,"href":"https:\/\/www.boutiquefelicidad.com\/de\/wp-json\/wp\/v2\/product_cat?post=12470"},{"taxonomy":"product_tag","embeddable":true,"href":"https:\/\/www.boutiquefelicidad.com\/de\/wp-json\/wp\/v2\/product_tag?post=12470"}],"curies":[{"name":"wp","href":"https:\/\/api.w.org\/{rel}","templated":true}]}}