{"id":12215,"date":"2021-08-27T10:05:26","date_gmt":"2021-08-27T08:05:26","guid":{"rendered":"https:\/\/www.boutiquefelicidad.com\/?post_type=product&#038;p=12215"},"modified":"2024-11-15T11:32:04","modified_gmt":"2024-11-15T10:32:04","slug":"sandalia-de-brillo-plateada","status":"publish","type":"product","link":"https:\/\/www.boutiquefelicidad.com\/de\/producto\/sandalia-de-brillo-plateada\/","title":{"rendered":"Sandalia plateada brillo"},"content":{"rendered":"<p>Sandalia de fiesta de brillo plateada, con tac\u00f3n de 12 cms y plataforma de 3,5 cms, muy c\u00f3moda y elegante. Tambi\u00e9n disponible en color champagne\u00a0 -&gt;\u00a0 <span style=\"color: #ffcc00;\"><a style=\"color: #ffcc00;\" href=\"https:\/\/www.boutiquefelicidad.com\/producto\/sandalia-de-fiesta-de-brillo-color-champagne-con-plataforma\/\">Sandalia champagne brillo<\/a><\/span><\/p>\n<p>Si quieres tenemos el bolso a juego en nuestra secci\u00f3n de bolsos.<\/p>\n","protected":false},"excerpt":{"rendered":"<p>Sandalia de fiesta de brillo plateada, con tac\u00f3n de 12 cms y plataforma de 3,5 cms, muy c\u00f3moda y elegante. Tambi\u00e9n disponible en color champagne.<\/p>\n<p>Si quieres tenemos el bolso a juego en nuestra secci\u00f3n de bolsos.<\/p>\n","protected":false},"featured_media":12941,"template":"","meta":{"_et_pb_use_builder":"","_et_pb_old_content":"","_et_gb_content_width":""},"product_brand":[],"product_cat":[88],"product_tag":[766,722,721,723,720],"class_list":{"0":"post-12215","1":"product","2":"type-product","3":"status-publish","4":"has-post-thumbnail","6":"product_cat-zapatos-de-mujer","7":"product_tag-sandaliadebrillo","8":"product_tag-sandaliadefiesta","9":"product_tag-sandaliaplateada","10":"product_tag-zapatodefiesta","11":"product_tag-zapatoplateado","12":"pa_tallas-275","13":"pa_tallas-249","14":"pa_tallas-276","15":"pa_tallas-250","16":"pa_tallas-277","17":"pa_tallas-251","18":"pa_tallas-278","20":"first","21":"instock","22":"featured","23":"taxable","24":"shipping-taxable","25":"purchasable","26":"product-type-variable"},"_links":{"self":[{"href":"https:\/\/www.boutiquefelicidad.com\/de\/wp-json\/wp\/v2\/product\/12215","targetHints":{"allow":["GET"]}}],"collection":[{"href":"https:\/\/www.boutiquefelicidad.com\/de\/wp-json\/wp\/v2\/product"}],"about":[{"href":"https:\/\/www.boutiquefelicidad.com\/de\/wp-json\/wp\/v2\/types\/product"}],"wp:featuredmedia":[{"embeddable":true,"href":"https:\/\/www.boutiquefelicidad.com\/de\/wp-json\/wp\/v2\/media\/12941"}],"wp:attachment":[{"href":"https:\/\/www.boutiquefelicidad.com\/de\/wp-json\/wp\/v2\/media?parent=12215"}],"wp:term":[{"taxonomy":"product_brand","embeddable":true,"href":"https:\/\/www.boutiquefelicidad.com\/de\/wp-json\/wp\/v2\/product_brand?post=12215"},{"taxonomy":"product_cat","embeddable":true,"href":"https:\/\/www.boutiquefelicidad.com\/de\/wp-json\/wp\/v2\/product_cat?post=12215"},{"taxonomy":"product_tag","embeddable":true,"href":"https:\/\/www.boutiquefelicidad.com\/de\/wp-json\/wp\/v2\/product_tag?post=12215"}],"curies":[{"name":"wp","href":"https:\/\/api.w.org\/{rel}","templated":true}]}}