{"id":12207,"date":"2021-08-27T10:00:27","date_gmt":"2021-08-27T08:00:27","guid":{"rendered":"https:\/\/www.boutiquefelicidad.com\/?post_type=product&#038;p=12207"},"modified":"2024-11-15T11:32:05","modified_gmt":"2024-11-15T10:32:05","slug":"sandalia-de-brillo-champagne","status":"publish","type":"product","link":"https:\/\/www.boutiquefelicidad.com\/de\/producto\/sandalia-de-brillo-champagne\/","title":{"rendered":"Sandalia champagne brillo"},"content":{"rendered":"<p>Sandalia de fiesta de brillo color champagne, con tac\u00f3n de 12 cms y plataforma de 3,5 cms, muy c\u00f3moda y elegante. Tambi\u00e9n disponible en color plateado.\u00a0 -&gt;\u00a0<span style=\"color: #ffcc00;\">\u00a0<a style=\"color: #ffcc00;\" href=\"https:\/\/www.boutiquefelicidad.com\/producto\/sandalia-plateada-brillo\/\">Sandalia plateada brillo<\/a><\/span><\/p>\n<p>Si quieres tenemos el bolso a juego en nuestra secci\u00f3n de bolsos.<\/p>\n","protected":false},"excerpt":{"rendered":"<p>Sandalia de fiesta de brillo color champagne, con tac\u00f3n de 12 cms y plataforma de 3,5 cms, muy c\u00f3moda y elegante. Tambi\u00e9n disponible en color plateado.<\/p>\n<p>Si quieres tenemos el bolso a juego en nuestra secci\u00f3n de bolsos.<\/p>\n","protected":false},"featured_media":12939,"template":"","meta":{"_et_pb_use_builder":"","_et_pb_old_content":"","_et_gb_content_width":""},"product_brand":[],"product_cat":[88],"product_tag":[768,767,766,722,769,723],"class_list":{"0":"post-12207","1":"product","2":"type-product","3":"status-publish","4":"has-post-thumbnail","6":"product_cat-zapatos-de-mujer","7":"product_tag-sandaliachampagne","8":"product_tag-sandaliachampan","9":"product_tag-sandaliadebrillo","10":"product_tag-sandaliadefiesta","11":"product_tag-zapatochampan","12":"product_tag-zapatodefiesta","13":"pa_tallas-275","14":"pa_tallas-249","15":"pa_tallas-276","16":"pa_tallas-250","17":"pa_tallas-277","18":"pa_tallas-251","19":"pa_tallas-278","21":"first","22":"instock","23":"featured","24":"taxable","25":"shipping-taxable","26":"purchasable","27":"product-type-variable"},"_links":{"self":[{"href":"https:\/\/www.boutiquefelicidad.com\/de\/wp-json\/wp\/v2\/product\/12207","targetHints":{"allow":["GET"]}}],"collection":[{"href":"https:\/\/www.boutiquefelicidad.com\/de\/wp-json\/wp\/v2\/product"}],"about":[{"href":"https:\/\/www.boutiquefelicidad.com\/de\/wp-json\/wp\/v2\/types\/product"}],"wp:featuredmedia":[{"embeddable":true,"href":"https:\/\/www.boutiquefelicidad.com\/de\/wp-json\/wp\/v2\/media\/12939"}],"wp:attachment":[{"href":"https:\/\/www.boutiquefelicidad.com\/de\/wp-json\/wp\/v2\/media?parent=12207"}],"wp:term":[{"taxonomy":"product_brand","embeddable":true,"href":"https:\/\/www.boutiquefelicidad.com\/de\/wp-json\/wp\/v2\/product_brand?post=12207"},{"taxonomy":"product_cat","embeddable":true,"href":"https:\/\/www.boutiquefelicidad.com\/de\/wp-json\/wp\/v2\/product_cat?post=12207"},{"taxonomy":"product_tag","embeddable":true,"href":"https:\/\/www.boutiquefelicidad.com\/de\/wp-json\/wp\/v2\/product_tag?post=12207"}],"curies":[{"name":"wp","href":"https:\/\/api.w.org\/{rel}","templated":true}]}}