{"id":12088,"date":"2021-07-05T19:27:52","date_gmt":"2021-07-05T17:27:52","guid":{"rendered":"https:\/\/www.boutiquefelicidad.com\/?post_type=product&#038;p=12088"},"modified":"2025-05-20T00:04:52","modified_gmt":"2025-05-19T22:04:52","slug":"cinturon-elastico-flores-rojo","status":"publish","type":"product","link":"https:\/\/www.boutiquefelicidad.com\/de\/producto\/cinturon-elastico-flores-rojo\/","title":{"rendered":"Cintur\u00f3n rojo de flores"},"content":{"rendered":"<p>Cintur\u00f3n el\u00e1stico de color rojo, con adorno de flores a juego. Grosor: 6,5 cms.<\/p>\n<p>En nuestra secci\u00f3n de zapatos, tenemos el zapato ideal para combinar con este precioso cintur\u00f3n, como por ejemplo esta\u00a0 -&gt;\u00a0\u00a0<span style=\"color: #ffcc00;\"><a style=\"color: #ffcc00;\" href=\"https:\/\/www.boutiquefelicidad.com\/producto\/sandalia-roja-con-plataforma\/\">Sandalia roja<\/a>.\u00a0<\/span><\/p>\n","protected":false},"excerpt":{"rendered":"<p>Cintur\u00f3n el\u00e1stico de color rojo, con adorno de flores a juego. Grosor: 6,5 cms.<\/p>\n","protected":false},"featured_media":13455,"template":"","meta":{"_et_pb_use_builder":"","_et_pb_old_content":"","_et_gb_content_width":""},"product_brand":[],"product_cat":[232],"product_tag":[330,860,858,859],"class_list":{"0":"post-12088","1":"product","2":"type-product","3":"status-publish","4":"has-post-thumbnail","6":"product_cat-cinturones-mujer","7":"product_tag-cinturon","8":"product_tag-cinturondefiesta","9":"product_tag-cinturondeflores","10":"product_tag-cinturonrojo","12":"first","13":"outofstock","14":"taxable","15":"shipping-taxable","16":"purchasable","17":"product-type-simple"},"_links":{"self":[{"href":"https:\/\/www.boutiquefelicidad.com\/de\/wp-json\/wp\/v2\/product\/12088","targetHints":{"allow":["GET"]}}],"collection":[{"href":"https:\/\/www.boutiquefelicidad.com\/de\/wp-json\/wp\/v2\/product"}],"about":[{"href":"https:\/\/www.boutiquefelicidad.com\/de\/wp-json\/wp\/v2\/types\/product"}],"wp:featuredmedia":[{"embeddable":true,"href":"https:\/\/www.boutiquefelicidad.com\/de\/wp-json\/wp\/v2\/media\/13455"}],"wp:attachment":[{"href":"https:\/\/www.boutiquefelicidad.com\/de\/wp-json\/wp\/v2\/media?parent=12088"}],"wp:term":[{"taxonomy":"product_brand","embeddable":true,"href":"https:\/\/www.boutiquefelicidad.com\/de\/wp-json\/wp\/v2\/product_brand?post=12088"},{"taxonomy":"product_cat","embeddable":true,"href":"https:\/\/www.boutiquefelicidad.com\/de\/wp-json\/wp\/v2\/product_cat?post=12088"},{"taxonomy":"product_tag","embeddable":true,"href":"https:\/\/www.boutiquefelicidad.com\/de\/wp-json\/wp\/v2\/product_tag?post=12088"}],"curies":[{"name":"wp","href":"https:\/\/api.w.org\/{rel}","templated":true}]}}