{"id":12078,"date":"2021-07-05T17:42:15","date_gmt":"2021-07-05T15:42:15","guid":{"rendered":"https:\/\/www.boutiquefelicidad.com\/?post_type=product&#038;p=12078"},"modified":"2022-05-22T21:28:57","modified_gmt":"2022-05-22T19:28:57","slug":"cinturon-dorado-flores-turquesa","status":"publish","type":"product","link":"https:\/\/www.boutiquefelicidad.com\/de\/producto\/cinturon-dorado-flores-turquesa\/","title":{"rendered":"Cintur\u00f3n dorado flores turquesa"},"content":{"rendered":"<p>Cintur\u00f3n en base r\u00edgida de lat\u00f3n de 3,5 cms de anchura y color dorado, con flores a juego en tonos turquesa y rosa claro.<\/p>\n<p>&nbsp;<\/p>\n","protected":false},"excerpt":{"rendered":"<p>Cintur\u00f3n en base r\u00edgida de lat\u00f3n de 3,5 cms de anchura y color dorado, con flores a juego en tonos turquesa y rosa claro.<\/p>\n","protected":false},"featured_media":12060,"template":"","meta":{"_et_pb_use_builder":"","_et_pb_old_content":"","_et_gb_content_width":""},"product_brand":[],"product_cat":[232],"product_tag":[926,860,858,925],"class_list":{"0":"post-12078","1":"product","2":"type-product","3":"status-publish","4":"has-post-thumbnail","6":"product_cat-cinturones-mujer","7":"product_tag-cinturonartesano","8":"product_tag-cinturondefiesta","9":"product_tag-cinturondeflores","10":"product_tag-cinturonfloresturquesa","12":"first","13":"instock","14":"taxable","15":"shipping-taxable","16":"purchasable","17":"product-type-simple"},"_links":{"self":[{"href":"https:\/\/www.boutiquefelicidad.com\/de\/wp-json\/wp\/v2\/product\/12078","targetHints":{"allow":["GET"]}}],"collection":[{"href":"https:\/\/www.boutiquefelicidad.com\/de\/wp-json\/wp\/v2\/product"}],"about":[{"href":"https:\/\/www.boutiquefelicidad.com\/de\/wp-json\/wp\/v2\/types\/product"}],"wp:featuredmedia":[{"embeddable":true,"href":"https:\/\/www.boutiquefelicidad.com\/de\/wp-json\/wp\/v2\/media\/12060"}],"wp:attachment":[{"href":"https:\/\/www.boutiquefelicidad.com\/de\/wp-json\/wp\/v2\/media?parent=12078"}],"wp:term":[{"taxonomy":"product_brand","embeddable":true,"href":"https:\/\/www.boutiquefelicidad.com\/de\/wp-json\/wp\/v2\/product_brand?post=12078"},{"taxonomy":"product_cat","embeddable":true,"href":"https:\/\/www.boutiquefelicidad.com\/de\/wp-json\/wp\/v2\/product_cat?post=12078"},{"taxonomy":"product_tag","embeddable":true,"href":"https:\/\/www.boutiquefelicidad.com\/de\/wp-json\/wp\/v2\/product_tag?post=12078"}],"curies":[{"name":"wp","href":"https:\/\/api.w.org\/{rel}","templated":true}]}}