{"id":12072,"date":"2021-07-05T11:59:30","date_gmt":"2021-07-05T09:59:30","guid":{"rendered":"https:\/\/www.boutiquefelicidad.com\/?post_type=product&#038;p=12072"},"modified":"2022-06-09T14:48:49","modified_gmt":"2022-06-09T12:48:49","slug":"cinturon-dorado-flores-azules","status":"publish","type":"product","link":"https:\/\/www.boutiquefelicidad.com\/de\/producto\/cinturon-dorado-flores-azules\/","title":{"rendered":"Cintur\u00f3n plateado flores azules"},"content":{"rendered":"<p>Cintur\u00f3n en base r\u00edgida de lat\u00f3n de 3,5 cms de anchura y color plateado, con flores en tonos azules.<\/p>\n<p>&nbsp;<\/p>\n<p>&nbsp;<\/p>\n","protected":false},"excerpt":{"rendered":"<p>Cintur\u00f3n en base r\u00edgida de lat\u00f3n de 3,5 cms de anchura y color plateado, con flores en tonos azules.<\/p>\n","protected":false},"featured_media":12051,"template":"","meta":{"_et_pb_use_builder":"","_et_pb_old_content":"","_et_gb_content_width":""},"product_brand":[],"product_cat":[232],"product_tag":[305,314,331,322,304,292,330,332,323,295,334,372,293],"class_list":{"0":"post-12072","1":"product","2":"type-product","3":"status-publish","4":"has-post-thumbnail","6":"product_cat-cinturones-mujer","7":"product_tag-alicante","8":"product_tag-azul","9":"product_tag-bautizo","10":"product_tag-benidorm","11":"product_tag-boda","12":"product_tag-calpe","13":"product_tag-cinturon","14":"product_tag-comunion","15":"product_tag-denia","16":"product_tag-fiesta","17":"product_tag-flores","18":"product_tag-plata","19":"product_tag-vestido","21":"first","22":"outofstock","23":"taxable","24":"shipping-taxable","25":"purchasable","26":"product-type-simple"},"_links":{"self":[{"href":"https:\/\/www.boutiquefelicidad.com\/de\/wp-json\/wp\/v2\/product\/12072","targetHints":{"allow":["GET"]}}],"collection":[{"href":"https:\/\/www.boutiquefelicidad.com\/de\/wp-json\/wp\/v2\/product"}],"about":[{"href":"https:\/\/www.boutiquefelicidad.com\/de\/wp-json\/wp\/v2\/types\/product"}],"wp:featuredmedia":[{"embeddable":true,"href":"https:\/\/www.boutiquefelicidad.com\/de\/wp-json\/wp\/v2\/media\/12051"}],"wp:attachment":[{"href":"https:\/\/www.boutiquefelicidad.com\/de\/wp-json\/wp\/v2\/media?parent=12072"}],"wp:term":[{"taxonomy":"product_brand","embeddable":true,"href":"https:\/\/www.boutiquefelicidad.com\/de\/wp-json\/wp\/v2\/product_brand?post=12072"},{"taxonomy":"product_cat","embeddable":true,"href":"https:\/\/www.boutiquefelicidad.com\/de\/wp-json\/wp\/v2\/product_cat?post=12072"},{"taxonomy":"product_tag","embeddable":true,"href":"https:\/\/www.boutiquefelicidad.com\/de\/wp-json\/wp\/v2\/product_tag?post=12072"}],"curies":[{"name":"wp","href":"https:\/\/api.w.org\/{rel}","templated":true}]}}