{"id":11155,"date":"2019-12-07T17:00:15","date_gmt":"2019-12-07T16:00:15","guid":{"rendered":"https:\/\/www.boutiquefelicidad.com\/?post_type=product&#038;p=11155"},"modified":"2024-11-15T11:32:56","modified_gmt":"2024-11-15T10:32:56","slug":"sandalia-rosa-con-plataforma","status":"publish","type":"product","link":"https:\/\/www.boutiquefelicidad.com\/de\/producto\/sandalia-rosa-con-plataforma\/","title":{"rendered":"Sandalia rosa palo"},"content":{"rendered":"<p>Sandalia de fiesta de antelina color rosa palo, abierta en la parte delantera, con tac\u00f3n cuadrado de 10 cms y plataforma de 3,5 cms que la hace muy c\u00f3moda. Tambi\u00e9n disponible en otros colores\u00a0 <span style=\"color: #ffcc00;\">\u00a0<span style=\"color: #ffcc00;\"><a style=\"color: #ffcc00;\" href=\"https:\/\/www.boutiquefelicidad.com\/producto\/sandalia-buganvilla-de-plataforma\/\">Sandalia buganvilla<\/a><\/span><\/span>\u00a0 \u00a0 &#8211;\u00a0 \u00a0 \u00a0<span style=\"color: #ffcc00;\"><a style=\"color: #ffcc00;\" href=\"https:\/\/www.boutiquefelicidad.com\/producto\/sandalia-azul-con-plataforma\/\">Sandalia azul<\/a><\/span><\/p>\n<p>Si quieres tenemos el bolso a juego en nuestra secci\u00f3n de bolsos.<\/p>\n","protected":false},"excerpt":{"rendered":"<p>Sandalia de fiesta de antelina color rosa palo, abierta en la parte delantera, con tac\u00f3n cuadrado de 10 cms y plataforma de 3,5 cms que la hace muy c\u00f3moda. Tambi\u00e9n disponible en buganvilla y azul el\u00e9ctrico.<\/p>\n","protected":false},"featured_media":12945,"template":"","meta":{"_et_pb_use_builder":"","_et_pb_old_content":"","_et_gb_content_width":""},"product_brand":[],"product_cat":[88],"product_tag":[760,759,723,744],"class_list":{"0":"post-11155","1":"product","2":"type-product","3":"status-publish","4":"has-post-thumbnail","6":"product_cat-zapatos-de-mujer","7":"product_tag-sandaliaconplataforma","8":"product_tag-sandaliarosapalo","9":"product_tag-zapatodefiesta","10":"product_tag-zapatorosa","11":"pa_tallas-275","12":"pa_tallas-249","13":"pa_tallas-276","14":"pa_tallas-250","15":"pa_tallas-277","16":"pa_tallas-251","17":"pa_tallas-278","19":"first","20":"instock","21":"featured","22":"taxable","23":"shipping-taxable","24":"purchasable","25":"product-type-variable"},"_links":{"self":[{"href":"https:\/\/www.boutiquefelicidad.com\/de\/wp-json\/wp\/v2\/product\/11155","targetHints":{"allow":["GET"]}}],"collection":[{"href":"https:\/\/www.boutiquefelicidad.com\/de\/wp-json\/wp\/v2\/product"}],"about":[{"href":"https:\/\/www.boutiquefelicidad.com\/de\/wp-json\/wp\/v2\/types\/product"}],"wp:featuredmedia":[{"embeddable":true,"href":"https:\/\/www.boutiquefelicidad.com\/de\/wp-json\/wp\/v2\/media\/12945"}],"wp:attachment":[{"href":"https:\/\/www.boutiquefelicidad.com\/de\/wp-json\/wp\/v2\/media?parent=11155"}],"wp:term":[{"taxonomy":"product_brand","embeddable":true,"href":"https:\/\/www.boutiquefelicidad.com\/de\/wp-json\/wp\/v2\/product_brand?post=11155"},{"taxonomy":"product_cat","embeddable":true,"href":"https:\/\/www.boutiquefelicidad.com\/de\/wp-json\/wp\/v2\/product_cat?post=11155"},{"taxonomy":"product_tag","embeddable":true,"href":"https:\/\/www.boutiquefelicidad.com\/de\/wp-json\/wp\/v2\/product_tag?post=11155"}],"curies":[{"name":"wp","href":"https:\/\/api.w.org\/{rel}","templated":true}]}}