{"id":11137,"date":"2019-12-07T16:10:28","date_gmt":"2019-12-07T15:10:28","guid":{"rendered":"https:\/\/www.boutiquefelicidad.com\/?post_type=product&#038;p=11137"},"modified":"2024-11-15T11:32:57","modified_gmt":"2024-11-15T10:32:57","slug":"sandalia-buganvilla-con-plataforma","status":"publish","type":"product","link":"https:\/\/www.boutiquefelicidad.com\/de\/producto\/sandalia-buganvilla-con-plataforma\/","title":{"rendered":"Sandalia buganvilla"},"content":{"rendered":"<p>Sandalia de fiesta de antelina color buganvilla, abierta en la parte delantera, con tac\u00f3n cuadrado de 10 cms y plataforma de 3,5 cms que la hace muy c\u00f3moda. Tambi\u00e9n disponible en otros colores\u00a0 \u00a0<span style=\"color: #ffcc00;\"><a style=\"color: #ffcc00;\" href=\"https:\/\/www.boutiquefelicidad.com\/producto\/sandalia-rosa-con-plataforma\/\">Sandalia rosa palo<\/a><\/span> \u00a0&#8211;\u00a0 \u00a0<span style=\"color: #ffcc00;\"><a style=\"color: #ffcc00;\" href=\"https:\/\/www.boutiquefelicidad.com\/producto\/sandalia-de-fiesta-antelina-color-azul-electrico-con-plataforma\/\">Sandalia azul<\/a><\/span><\/p>\n<p>Si quieres tenemos el bolso a juego en nuestra secci\u00f3n de bolsos.<\/p>\n","protected":false},"excerpt":{"rendered":"<p>Sandalia de fiesta de antelina color buganvilla, abierta en la parte delantera, con tac\u00f3n cuadrado de 10 cms y plataforma de 3,5 cms que la hace muy c\u00f3moda. Tambi\u00e9n disponible en color rosa palo y azul el\u00e9ctrico.<\/p>\n","protected":false},"featured_media":12944,"template":"","meta":{"_et_pb_use_builder":"","_et_pb_old_content":"","_et_gb_content_width":""},"product_brand":[],"product_cat":[88],"product_tag":[764,722,740,765,763,723],"class_list":{"0":"post-11137","1":"product","2":"type-product","3":"status-publish","4":"has-post-thumbnail","6":"product_cat-zapatos-de-mujer","7":"product_tag-sandaliabuganvilla","8":"product_tag-sandaliadefiesta","9":"product_tag-zapatobuganvilla","10":"product_tag-zapatoconplataforma","11":"product_tag-zapatodeantelina","12":"product_tag-zapatodefiesta","13":"pa_tallas-275","14":"pa_tallas-249","15":"pa_tallas-276","16":"pa_tallas-250","17":"pa_tallas-277","18":"pa_tallas-251","19":"pa_tallas-278","21":"first","22":"instock","23":"featured","24":"taxable","25":"shipping-taxable","26":"purchasable","27":"product-type-variable"},"_links":{"self":[{"href":"https:\/\/www.boutiquefelicidad.com\/de\/wp-json\/wp\/v2\/product\/11137","targetHints":{"allow":["GET"]}}],"collection":[{"href":"https:\/\/www.boutiquefelicidad.com\/de\/wp-json\/wp\/v2\/product"}],"about":[{"href":"https:\/\/www.boutiquefelicidad.com\/de\/wp-json\/wp\/v2\/types\/product"}],"wp:featuredmedia":[{"embeddable":true,"href":"https:\/\/www.boutiquefelicidad.com\/de\/wp-json\/wp\/v2\/media\/12944"}],"wp:attachment":[{"href":"https:\/\/www.boutiquefelicidad.com\/de\/wp-json\/wp\/v2\/media?parent=11137"}],"wp:term":[{"taxonomy":"product_brand","embeddable":true,"href":"https:\/\/www.boutiquefelicidad.com\/de\/wp-json\/wp\/v2\/product_brand?post=11137"},{"taxonomy":"product_cat","embeddable":true,"href":"https:\/\/www.boutiquefelicidad.com\/de\/wp-json\/wp\/v2\/product_cat?post=11137"},{"taxonomy":"product_tag","embeddable":true,"href":"https:\/\/www.boutiquefelicidad.com\/de\/wp-json\/wp\/v2\/product_tag?post=11137"}],"curies":[{"name":"wp","href":"https:\/\/api.w.org\/{rel}","templated":true}]}}