{"id":11013,"date":"2019-11-22T16:21:50","date_gmt":"2019-11-22T15:21:50","guid":{"rendered":"https:\/\/www.boutiquefelicidad.com\/?post_type=product&#038;p=11013"},"modified":"2025-03-21T17:29:32","modified_gmt":"2025-03-21T16:29:32","slug":"vestido-novia-lore-7w8034","status":"publish","type":"product","link":"https:\/\/www.boutiquefelicidad.com\/de\/producto\/vestido-novia-lore-7w8034\/","title":{"rendered":"LOR\u00c9 7W8034"},"content":{"rendered":"<p>Vestido de novia Lore 7W8034.<\/p>\n<p>Tenemos m\u00e1s modelos disponibles en nuestra secci\u00f3n de\u00a0 -&gt;\u00a0 \u00a0<span style=\"color: #ffcc00;\"><a style=\"color: #ffcc00;\" href=\"https:\/\/www.boutiquefelicidad.com\/categoria-producto\/boda\/novia\/\">Novias<\/a><span style=\"color: #000000;\">.<\/span><\/span><\/p>\n<p>Si la talla que utiliza est\u00e1 agotada p\u00f3ngase en contacto con nosotros via email: <a href=\"mailto:b.felicidad@hotmail.com\">b.felicidad@hotmail.com<\/a> o whatsapp, para consultar disponibilidad en f\u00e1brica de este bonito vestido de novia Lore 7W8034.<\/p>\n<p>Para saber cu\u00e1l es su talla mida pecho, cintura y cadera y compruebe la tabla inferior. Recuerda, si est\u00e1s entre dos tallas escoge la siguiente m\u00e1s grande. Nuestras tallas son orientativas y puede variar seg\u00fan el fabricante. Ante cualquier duda cons\u00faltenos.<\/p>\n<p><img loading=\"lazy\" decoding=\"async\" class=\" wp-image-11021 aligncenter\" src=\"https:\/\/www.boutiquefelicidad.com\/wp-content\/uploads\/2019\/11\/lore-novia-300x286.png\" alt=\"\" width=\"351\" height=\"335\" srcset=\"https:\/\/www.boutiquefelicidad.com\/wp-content\/uploads\/2019\/11\/lore-novia-300x286.png 300w, https:\/\/www.boutiquefelicidad.com\/wp-content\/uploads\/2019\/11\/lore-novia-64x61.png 64w, https:\/\/www.boutiquefelicidad.com\/wp-content\/uploads\/2019\/11\/lore-novia-600x573.png 600w, https:\/\/www.boutiquefelicidad.com\/wp-content\/uploads\/2019\/11\/lore-novia.png 622w\" sizes=\"(max-width: 351px) 100vw, 351px\" \/><\/p>\n","protected":false},"excerpt":{"rendered":"<p>Vestido de novia Lore 7W8034.<\/p>\n","protected":false},"featured_media":14053,"template":"","meta":{"_et_pb_use_builder":"","_et_pb_old_content":"","_et_gb_content_width":""},"product_brand":[],"product_cat":[71,85],"product_tag":[1030,1023,1024,1025,881,978],"class_list":{"0":"post-11013","1":"product","2":"type-product","3":"status-publish","4":"has-post-thumbnail","6":"product_cat-boda","7":"product_cat-novia","8":"product_tag-bodaalicante","9":"product_tag-noviaalicante","10":"product_tag-trajedeboda","11":"product_tag-trajedenovia","12":"product_tag-vestidodeboda","13":"product_tag-vestidodenovia","14":"pa_tallas-254","16":"first","17":"outofstock","18":"featured","19":"taxable","20":"shipping-taxable","21":"purchasable","22":"product-type-variable"},"_links":{"self":[{"href":"https:\/\/www.boutiquefelicidad.com\/de\/wp-json\/wp\/v2\/product\/11013","targetHints":{"allow":["GET"]}}],"collection":[{"href":"https:\/\/www.boutiquefelicidad.com\/de\/wp-json\/wp\/v2\/product"}],"about":[{"href":"https:\/\/www.boutiquefelicidad.com\/de\/wp-json\/wp\/v2\/types\/product"}],"wp:featuredmedia":[{"embeddable":true,"href":"https:\/\/www.boutiquefelicidad.com\/de\/wp-json\/wp\/v2\/media\/14053"}],"wp:attachment":[{"href":"https:\/\/www.boutiquefelicidad.com\/de\/wp-json\/wp\/v2\/media?parent=11013"}],"wp:term":[{"taxonomy":"product_brand","embeddable":true,"href":"https:\/\/www.boutiquefelicidad.com\/de\/wp-json\/wp\/v2\/product_brand?post=11013"},{"taxonomy":"product_cat","embeddable":true,"href":"https:\/\/www.boutiquefelicidad.com\/de\/wp-json\/wp\/v2\/product_cat?post=11013"},{"taxonomy":"product_tag","embeddable":true,"href":"https:\/\/www.boutiquefelicidad.com\/de\/wp-json\/wp\/v2\/product_tag?post=11013"}],"curies":[{"name":"wp","href":"https:\/\/api.w.org\/{rel}","templated":true}]}}